{"id":4028,"date":"2025-01-21T09:14:04","date_gmt":"2025-01-21T08:14:04","guid":{"rendered":"https:\/\/wp.obd4.com\/?post_type=product&#038;p=4028"},"modified":"2025-11-14T09:00:42","modified_gmt":"2025-11-14T08:00:42","slug":"professionell-volvo-dice-j2534-full-chipset-m32c","status":"publish","type":"product","link":"https:\/\/wp.obd4.com\/sv\/product\/professionell-volvo-dice-j2534-full-chipset-m32c\/","title":{"rendered":"Professionellt DICE J2534-diagnosverktyg med fullst\u00e4ndig chipset M32c f\u00f6r Volvo"},"content":{"rendered":"<p class=\"first:mt-1.5\"><strong class=\"\">Installationshandbok och programvara:<\/strong> Du kommer att f\u00e5 en PDF med en detaljerad installationsguide och nedladdningsl\u00e4nk efter k\u00f6pet.<\/p>\n<h4>Viktiga egenskaper:<\/h4>\n<ul class=\"list-disc\">\n<li class=\"ml-4\"><strong class=\"\">2014D Diagnosverktyg:<\/strong>\n<ul class=\"list-disc\">\n<li class=\"ml-4\"><strong class=\"\">Full Chips M32c moderkort:<\/strong> St\u00f6der alla diagnostiska funktioner f\u00f6r fordon fr\u00e5n 1999 till 2014 utan att kr\u00e4va ytterligare drivrutinsinstallationer.<\/li>\n<li class=\"ml-4\"><strong class=\"\">J2534 Protokoll:<\/strong> Begr\u00e4nsad till fordon fr\u00e5n 1999 till 2014, kr\u00e4ver installation av f\u00f6rare (SM2-USB).<\/li>\n<li class=\"ml-4\"><strong class=\"\">VDASH programvara:<\/strong> Kompatibel med fordon fr\u00e5n 1999 till 2024, vilket ut\u00f6kar dina diagnostiska m\u00f6jligheter.<\/li>\n<li class=\"ml-4\"><strong class=\"\">Integrerad design:<\/strong> Den har en hopf\u00e4llbar krok f\u00f6r enkel placering och statuslysdioder f\u00f6r feedback i realtid.<\/li>\n<li class=\"ml-4\"><strong class=\"\">Bred Kompatibilitet:<\/strong> Fungerar med olika styrmoduler, inklusive bromsar, krockkuddar, motordiagnostik med mera.<\/li>\n<\/ul>\n<\/li>\n<\/ul>\n<h4>Specifikationer:<\/h4>\n<ul class=\"list-disc\">\n<li class=\"ml-4\"><strong class=\"\">Fordon som st\u00f6ds med hj\u00e4lp av VIDA Software:<\/strong>\n<ul class=\"list-disc\">\n<li class=\"ml-4\"><strong class=\"\">2014D Full Chip M32c:<\/strong> Fordon fr\u00e5n 1999-2014.<\/li>\n<li class=\"ml-4\"><strong class=\"\">J2534 Protokoll:<\/strong> Fordon fr\u00e5n 1999-2014.<\/li>\n<\/ul>\n<\/li>\n<li class=\"ml-4\"><strong class=\"\">Fordon som st\u00f6ds med hj\u00e4lp av VDASH-programvaran:<\/strong>\n<ul class=\"list-disc\">\n<li class=\"ml-4\"><strong class=\"\">2014D Full Chip M32c:<\/strong> Fordon fr\u00e5n 1999-2024.<\/li>\n<li class=\"ml-4\"><strong class=\"\">J2534 Protokoll:<\/strong> Fordon fr\u00e5n 1999-2024.<\/li>\n<\/ul>\n<\/li>\n<li class=\"ml-4\"><strong class=\"\">Spr\u00e5k som st\u00f6ds:<\/strong> Engelska<\/li>\n<\/ul>\n<h4>Systemkrav:<\/h4>\n<ul class=\"list-disc\">\n<li class=\"ml-4\"><strong class=\"\">Operativsystem:<\/strong> Windows 7, 10, 11<\/li>\n<li class=\"ml-4\"><strong class=\"\">Webbl\u00e4sare:<\/strong> Internet Explorer 9 eller h\u00f6gre<\/li>\n<li class=\"ml-4\"><strong class=\"\">H\u00e5rdvara:<\/strong> Minst 3 GB RAM och 40 GB ledigt utrymme p\u00e5 en NTFS-formaterad C:\/\/-enhet<\/li>\n<li class=\"ml-4\"><strong class=\"\">Kommunikation:<\/strong> Endast USB-anslutning (inget st\u00f6d f\u00f6r Bluetooth)<\/li>\n<\/ul>\n<h4>2014D Funktioner:<\/h4>\n<ul class=\"list-disc\">\n<li class=\"ml-4\"><strong class=\"\">Diagnostik av fordon:<\/strong> Analysera olika moduler, inklusive motor, bromsar, krockkuddar med mera f\u00f6r omfattande h\u00e4lsokontroller av fordonet.<\/li>\n<li class=\"ml-4\"><strong class=\"\">Service och underh\u00e5ll:<\/strong> F\u00e5 tillg\u00e5ng till detaljerad information f\u00f6r regelbunden sk\u00f6tsel och underh\u00e5ll.<\/li>\n<li class=\"ml-4\"><strong class=\"\">Special Vehicle Support:<\/strong> Tillhandah\u00e5ller diagnostik f\u00f6r specialfordon som ambulanser och polisbilar.<\/li>\n<li class=\"ml-4\"><strong class=\"\">Integrerade verktyg:<\/strong> Har en hopf\u00e4llbar krok f\u00f6r bekv\u00e4m anv\u00e4ndning och lysdioder f\u00f6r kommunikationsstatus.<\/li>\n<\/ul>\n<h4>Anvisningar f\u00f6r installation:<\/h4>\n<ul class=\"list-disc\">\n<li class=\"ml-4\">Tv\u00e5 alternativ \u00e4r tillg\u00e4ngliga:\n<ul class=\"list-disc\">\n<li class=\"ml-4\"><strong class=\"\">VirtualBox Easy Setup-version<\/strong><\/li>\n<li class=\"ml-4\"><strong class=\"\">Fullst\u00e4ndig VIDA-installation p\u00e5 Windows 7, 10, 11<\/strong> (beskrivs i den medf\u00f6ljande videoguiden).<\/li>\n<\/ul>\n<\/li>\n<li class=\"ml-4\">F\u00f6r J2534, se till att installera SM2-USB-drivrutinen innan du ansluter till fordonet.<\/li>\n<li class=\"ml-4\">F\u00f6lj den medf\u00f6ljande installationsvideon f\u00f6r steg-f\u00f6r-steg-v\u00e4gledning.<\/li>\n<\/ul>\n<p class=\"first:mt-1.5\"><strong class=\"\">Installationsvideoguide ing\u00e5r!<\/strong><\/p>","protected":false},"excerpt":{"rendered":"<p>En kraftfull scanner f\u00f6r Volvo-fordon (1999-2014), med ett fullchip M32c-moderkort och J2534-protokoll. Inkluderar bonusprogramvara f\u00f6r ut\u00f6kad funktionalitet.<\/p>","protected":false},"featured_media":5038,"comment_status":"open","ping_status":"closed","template":"","meta":{"_uag_custom_page_level_css":"","site-sidebar-layout":"default","site-content-layout":"","ast-site-content-layout":"default","site-content-style":"default","site-sidebar-style":"default","ast-global-header-display":"","ast-banner-title-visibility":"","ast-main-header-display":"","ast-hfb-above-header-display":"","ast-hfb-below-header-display":"","ast-hfb-mobile-header-display":"","site-post-title":"","ast-breadcrumbs-content":"","ast-featured-img":"","footer-sml-layout":"","theme-transparent-header-meta":"default","adv-header-id-meta":"","stick-header-meta":"","header-above-stick-meta":"","header-main-stick-meta":"","header-below-stick-meta":"","astra-migrate-meta-layouts":"set","ast-page-background-enabled":"default","ast-page-background-meta":{"desktop":{"background-color":"","background-image":"","background-repeat":"repeat","background-position":"center center","background-size":"auto","background-attachment":"scroll","background-type":"","background-media":"","overlay-type":"","overlay-color":"","overlay-opacity":"","overlay-gradient":""},"tablet":{"background-color":"","background-image":"","background-repeat":"repeat","background-position":"center center","background-size":"auto","background-attachment":"scroll","background-type":"","background-media":"","overlay-type":"","overlay-color":"","overlay-opacity":"","overlay-gradient":""},"mobile":{"background-color":"","background-image":"","background-repeat":"repeat","background-position":"center center","background-size":"auto","background-attachment":"scroll","background-type":"","background-media":"","overlay-type":"","overlay-color":"","overlay-opacity":"","overlay-gradient":""}},"ast-content-background-meta":{"desktop":{"background-color":"var(--ast-global-color-5)","background-image":"","background-repeat":"repeat","background-position":"center center","background-size":"auto","background-attachment":"scroll","background-type":"","background-media":"","overlay-type":"","overlay-color":"","overlay-opacity":"","overlay-gradient":""},"tablet":{"background-color":"var(--ast-global-color-5)","background-image":"","background-repeat":"repeat","background-position":"center center","background-size":"auto","background-attachment":"scroll","background-type":"","background-media":"","overlay-type":"","overlay-color":"","overlay-opacity":"","overlay-gradient":""},"mobile":{"background-color":"var(--ast-global-color-5)","background-image":"","background-repeat":"repeat","background-position":"center center","background-size":"auto","background-attachment":"scroll","background-type":"","background-media":"","overlay-type":"","overlay-color":"","overlay-opacity":"","overlay-gradient":""}}},"product_brand":[],"product_cat":[70],"product_tag":[79],"class_list":{"0":"post-4028","1":"product","2":"type-product","3":"status-publish","4":"has-post-thumbnail","6":"product_cat-diagnostics","7":"product_tag-volvo","8":"desktop-align-left","9":"tablet-align-left","10":"mobile-align-left","11":"ast-product-gallery-layout-horizontal-slider","12":"ast-product-single-variable","13":"ast-product-tabs-layout-horizontal","15":"first","16":"instock","17":"shipping-taxable","18":"purchasable","19":"product-type-variable"},"aioseo_notices":[],"uagb_featured_image_src":{"full":["https:\/\/wp.obd4.com\/wp-content\/uploads\/2025\/01\/Product-image-2.png",1280,1280,false],"thumbnail":["https:\/\/wp.obd4.com\/wp-content\/uploads\/2025\/01\/Product-image-2-150x150.png",150,150,true],"medium":["https:\/\/wp.obd4.com\/wp-content\/uploads\/2025\/01\/Product-image-2-300x300.png",300,300,true],"medium_large":["https:\/\/wp.obd4.com\/wp-content\/uploads\/2025\/01\/Product-image-2-768x768.png",768,768,true],"large":["https:\/\/wp.obd4.com\/wp-content\/uploads\/2025\/01\/Product-image-2-1024x1024.png",1024,1024,true],"1536x1536":["https:\/\/wp.obd4.com\/wp-content\/uploads\/2025\/01\/Product-image-2.png",1280,1280,false],"2048x2048":["https:\/\/wp.obd4.com\/wp-content\/uploads\/2025\/01\/Product-image-2.png",1280,1280,false],"trp-custom-language-flag":["https:\/\/wp.obd4.com\/wp-content\/uploads\/2025\/01\/Product-image-2-12x12.png",12,12,true],"woocommerce_thumbnail":["https:\/\/wp.obd4.com\/wp-content\/uploads\/2025\/01\/Product-image-2-300x300.png",300,300,true],"woocommerce_single":["https:\/\/wp.obd4.com\/wp-content\/uploads\/2025\/01\/Product-image-2-600x600.png",600,600,true],"woocommerce_gallery_thumbnail":["https:\/\/wp.obd4.com\/wp-content\/uploads\/2025\/01\/Product-image-2-100x100.png",100,100,true]},"uagb_author_info":{"display_name":"Andrew","author_link":"https:\/\/wp.obd4.com\/sv\/author\/"},"uagb_comment_info":6,"uagb_excerpt":"A powerful scanner for Volvo vehicles (1999\u20132014), featuring a full-chip M32c motherboard and J2534 protocol. Includes bonus software for enhanced functionality.","_links":{"self":[{"href":"https:\/\/wp.obd4.com\/sv\/wp-json\/wp\/v2\/product\/4028","targetHints":{"allow":["GET"]}}],"collection":[{"href":"https:\/\/wp.obd4.com\/sv\/wp-json\/wp\/v2\/product"}],"about":[{"href":"https:\/\/wp.obd4.com\/sv\/wp-json\/wp\/v2\/types\/product"}],"replies":[{"embeddable":true,"href":"https:\/\/wp.obd4.com\/sv\/wp-json\/wp\/v2\/comments?post=4028"}],"wp:featuredmedia":[{"embeddable":true,"href":"https:\/\/wp.obd4.com\/sv\/wp-json\/wp\/v2\/media\/5038"}],"wp:attachment":[{"href":"https:\/\/wp.obd4.com\/sv\/wp-json\/wp\/v2\/media?parent=4028"}],"wp:term":[{"taxonomy":"product_brand","embeddable":true,"href":"https:\/\/wp.obd4.com\/sv\/wp-json\/wp\/v2\/product_brand?post=4028"},{"taxonomy":"product_cat","embeddable":true,"href":"https:\/\/wp.obd4.com\/sv\/wp-json\/wp\/v2\/product_cat?post=4028"},{"taxonomy":"product_tag","embeddable":true,"href":"https:\/\/wp.obd4.com\/sv\/wp-json\/wp\/v2\/product_tag?post=4028"}],"curies":[{"name":"wp","href":"https:\/\/api.w.org\/{rel}","templated":true}]}}