{"id":3413,"date":"2024-10-23T12:16:20","date_gmt":"2024-10-23T12:16:20","guid":{"rendered":"https:\/\/wp.obd4.com\/product\/bmw-kdcan-diagnostic-tool\/"},"modified":"2025-10-23T07:58:16","modified_gmt":"2025-10-23T06:58:16","slug":"bmw-k-dcan-professionellt-diagnosverktyg","status":"publish","type":"product","link":"https:\/\/wp.obd4.com\/sv\/product\/bmw-k-dcan-professionellt-diagnosverktyg\/","title":{"rendered":"K+DCAN Professionellt diagnosverktyg"},"content":{"rendered":"<p><strong class=\"\">Ladda ner information:<\/strong> Nedladdningsl\u00e4nken kommer att finnas tillg\u00e4nglig efter k\u00f6pet. Du hittar den i ditt e-postmeddelande med orderbekr\u00e4ftelsen. Du kommer ocks\u00e5 att f\u00e5 en CD i ditt paket som ett backup-alternativ.<\/p>\n<p class=\"first:mt-1.5\"><strong class=\"\">Viktiga anm\u00e4rkningar:<\/strong><\/p>\n<ul class=\"list-disc\">\n<li class=\"ml-4\"><strong class=\"\">Programvara ing\u00e5r:<\/strong> Drivrutin och programvara medf\u00f6ljer (version utan programmering).<\/li>\n<li class=\"ml-4\"><strong class=\"\">F\u00f6rsiktighets\u00e5tg\u00e4rder:<\/strong> Anslut inte till internet och uppdatera inte enheten f\u00f6r att undvika eventuella skador.<\/li>\n<\/ul>\n<h4>Viktiga egenskaper:<\/h4>\n<ul class=\"list-disc\">\n<li class=\"ml-4\"><strong class=\"\">L\u00e4sa och rensa felkoder:<\/strong> Effektivt diagnostisera och l\u00f6sa problem genom att l\u00e4sa och rensa felkoder.<\/li>\n<li class=\"ml-4\"><strong class=\"\">Anpassningar och programmering av f\u00f6rare:<\/strong> Utf\u00f6r n\u00f6dv\u00e4ndiga anpassningar f\u00f6r optimal fordonsprestanda.<\/li>\n<li class=\"ml-4\"><strong class=\"\">Till\u00e4mpa kodning och mycket mer:<\/strong> Anpassa fordonsinst\u00e4llningarna f\u00f6r att f\u00f6rb\u00e4ttra funktionaliteten.<\/li>\n<li class=\"ml-4\"><strong class=\"\">FTDI-chip:<\/strong> S\u00e4kerst\u00e4ller stabil funktionalitet och tillf\u00f6rlitlig kommunikation med ditt fordon.<\/li>\n<li class=\"ml-4\"><strong class=\"\">Kompatibilitet:<\/strong> Fungerar med Windows XP och Windows 7 (se till att avaktivera antivirusprogrammet f\u00f6re installationen).<\/li>\n<\/ul>\n<h4>Systemkrav f\u00f6r 4.32.15:<\/h4>\n<ul class=\"list-disc\">\n<li class=\"ml-4\"><strong class=\"\">Operativsystem:<\/strong> Windows 10 v1903 eller h\u00f6gre<\/li>\n<li class=\"ml-4\"><strong class=\"\">Microsoft .NET Framework:<\/strong> 4.8.x<\/li>\n<li class=\"ml-4\"><strong class=\"\">Visual C++ Runtime:<\/strong> 2015-2019<\/li>\n<li class=\"ml-4\"><strong class=\"\">Webbl\u00e4sare:<\/strong> Google Chrome<\/li>\n<li class=\"ml-4\"><strong class=\"\">Anv\u00e4ndarnamn:<\/strong> Windows-anv\u00e4ndarnamnet f\u00e5r inte inneh\u00e5lla mellanslag.<\/li>\n<\/ul>\n<p class=\"first:mt-1.5\"><strong class=\"\">Obs!<\/strong> Windows 7\/8 och Internet Explorer\/EDGE st\u00f6ds inte!<\/p>\n<h4>Protokoll som st\u00f6ds:<\/h4>\n<ul class=\"list-disc\">\n<li class=\"ml-4\"><strong class=\"\">Fast Magisterial D-CAN och PT-CAN:<\/strong> Arbetar med 500 kbit\/s f\u00f6r snabb diagnostik.<\/li>\n<li class=\"ml-4\"><strong class=\"\">L\u00e5ngsam Magisterial K-CAN:<\/strong> Fungerar med 100 kbit\/s f\u00f6r standardkommunikation.<\/li>\n<li class=\"ml-4\"><strong class=\"\">Standard OBD-gr\u00e4nssnitt:<\/strong> Kompatibel med ett brett utbud av modeller.<\/li>\n<\/ul>\n<h4>Kompatibla bayerska modeller (1995 till 2008):<\/h4>\n<ul class=\"list-disc\">\n<li class=\"ml-4\"><strong class=\"\">E60, E61<\/strong><\/li>\n<li class=\"ml-4\"><strong class=\"\">E81, E87<\/strong><\/li>\n<li class=\"ml-4\"><strong class=\"\">E90, E91, E92, E93<\/strong><\/li>\n<li class=\"ml-4\"><strong class=\"\">E70<\/strong><\/li>\n<li class=\"ml-4\"><strong class=\"\">MINI R56<\/strong><\/li>\n<\/ul>\n<h4>Paketet inneh\u00e5ller:<\/h4>\n<ul class=\"list-disc\">\n<li class=\"ml-4\">1 \u00d7 K+DCAN USB-gr\u00e4nssnitt<\/li>\n<li class=\"ml-4\">1 \u00d7 CD Drivrutin och programvara<\/li>\n<\/ul>","protected":false},"excerpt":{"rendered":"<p>Ett diagnosverktyg f\u00f6r bayerska fordon som m\u00f6jligg\u00f6r avl\u00e4sning av felkoder, anpassningar och avancerade funktioner. Inkluderar programvara (icke-programmerande version).<\/p>","protected":false},"featured_media":3415,"comment_status":"open","ping_status":"closed","template":"","meta":{"_uag_custom_page_level_css":"","site-sidebar-layout":"default","site-content-layout":"","ast-site-content-layout":"default","site-content-style":"default","site-sidebar-style":"default","ast-global-header-display":"","ast-banner-title-visibility":"","ast-main-header-display":"","ast-hfb-above-header-display":"","ast-hfb-below-header-display":"","ast-hfb-mobile-header-display":"","site-post-title":"","ast-breadcrumbs-content":"","ast-featured-img":"","footer-sml-layout":"","theme-transparent-header-meta":"default","adv-header-id-meta":"","stick-header-meta":"","header-above-stick-meta":"","header-main-stick-meta":"","header-below-stick-meta":"","astra-migrate-meta-layouts":"set","ast-page-background-enabled":"default","ast-page-background-meta":{"desktop":{"background-color":"","background-image":"","background-repeat":"repeat","background-position":"center center","background-size":"auto","background-attachment":"scroll","background-type":"","background-media":"","overlay-type":"","overlay-color":"","overlay-opacity":"","overlay-gradient":""},"tablet":{"background-color":"","background-image":"","background-repeat":"repeat","background-position":"center center","background-size":"auto","background-attachment":"scroll","background-type":"","background-media":"","overlay-type":"","overlay-color":"","overlay-opacity":"","overlay-gradient":""},"mobile":{"background-color":"","background-image":"","background-repeat":"repeat","background-position":"center center","background-size":"auto","background-attachment":"scroll","background-type":"","background-media":"","overlay-type":"","overlay-color":"","overlay-opacity":"","overlay-gradient":""}},"ast-content-background-meta":{"desktop":{"background-color":"var(--ast-global-color-5)","background-image":"","background-repeat":"repeat","background-position":"center center","background-size":"auto","background-attachment":"scroll","background-type":"","background-media":"","overlay-type":"","overlay-color":"","overlay-opacity":"","overlay-gradient":""},"tablet":{"background-color":"var(--ast-global-color-5)","background-image":"","background-repeat":"repeat","background-position":"center center","background-size":"auto","background-attachment":"scroll","background-type":"","background-media":"","overlay-type":"","overlay-color":"","overlay-opacity":"","overlay-gradient":""},"mobile":{"background-color":"var(--ast-global-color-5)","background-image":"","background-repeat":"repeat","background-position":"center center","background-size":"auto","background-attachment":"scroll","background-type":"","background-media":"","overlay-type":"","overlay-color":"","overlay-opacity":"","overlay-gradient":""}}},"product_brand":[],"product_cat":[70],"product_tag":[77],"class_list":{"0":"post-3413","1":"product","2":"type-product","3":"status-publish","4":"has-post-thumbnail","6":"product_cat-diagnostics","7":"product_tag-bmw","8":"desktop-align-left","9":"tablet-align-left","10":"mobile-align-left","11":"ast-product-gallery-layout-horizontal-slider","12":"ast-product-tabs-layout-horizontal","14":"first","15":"instock","16":"shipping-taxable","17":"purchasable","18":"product-type-simple"},"aioseo_notices":[],"uagb_featured_image_src":{"full":["https:\/\/wp.obd4.com\/wp-content\/uploads\/2024\/10\/A7214d21e984f42e78df70e29cfc2ebdbM-1.webp",1000,1000,false],"thumbnail":["https:\/\/wp.obd4.com\/wp-content\/uploads\/2024\/10\/A7214d21e984f42e78df70e29cfc2ebdbM-1-150x150.webp",150,150,true],"medium":["https:\/\/wp.obd4.com\/wp-content\/uploads\/2024\/10\/A7214d21e984f42e78df70e29cfc2ebdbM-1-300x300.webp",300,300,true],"medium_large":["https:\/\/wp.obd4.com\/wp-content\/uploads\/2024\/10\/A7214d21e984f42e78df70e29cfc2ebdbM-1-768x768.webp",768,768,true],"large":["https:\/\/wp.obd4.com\/wp-content\/uploads\/2024\/10\/A7214d21e984f42e78df70e29cfc2ebdbM-1.webp",1000,1000,false],"1536x1536":["https:\/\/wp.obd4.com\/wp-content\/uploads\/2024\/10\/A7214d21e984f42e78df70e29cfc2ebdbM-1.webp",1000,1000,false],"2048x2048":["https:\/\/wp.obd4.com\/wp-content\/uploads\/2024\/10\/A7214d21e984f42e78df70e29cfc2ebdbM-1.webp",1000,1000,false],"trp-custom-language-flag":["https:\/\/wp.obd4.com\/wp-content\/uploads\/2024\/10\/A7214d21e984f42e78df70e29cfc2ebdbM-1-12x12.webp",12,12,true],"woocommerce_thumbnail":["https:\/\/wp.obd4.com\/wp-content\/uploads\/2024\/10\/A7214d21e984f42e78df70e29cfc2ebdbM-1-300x300.webp",300,300,true],"woocommerce_single":["https:\/\/wp.obd4.com\/wp-content\/uploads\/2024\/10\/A7214d21e984f42e78df70e29cfc2ebdbM-1-600x600.webp",600,600,true],"woocommerce_gallery_thumbnail":["https:\/\/wp.obd4.com\/wp-content\/uploads\/2024\/10\/A7214d21e984f42e78df70e29cfc2ebdbM-1-100x100.webp",100,100,true]},"uagb_author_info":{"display_name":"Andrew","author_link":"https:\/\/wp.obd4.com\/sv\/author\/"},"uagb_comment_info":3,"uagb_excerpt":"A diagnostic tool for Bavarian vehicles, enabling error code reading, adaptations, and advanced functions. Includes software (non-programming version).","_links":{"self":[{"href":"https:\/\/wp.obd4.com\/sv\/wp-json\/wp\/v2\/product\/3413","targetHints":{"allow":["GET"]}}],"collection":[{"href":"https:\/\/wp.obd4.com\/sv\/wp-json\/wp\/v2\/product"}],"about":[{"href":"https:\/\/wp.obd4.com\/sv\/wp-json\/wp\/v2\/types\/product"}],"replies":[{"embeddable":true,"href":"https:\/\/wp.obd4.com\/sv\/wp-json\/wp\/v2\/comments?post=3413"}],"wp:featuredmedia":[{"embeddable":true,"href":"https:\/\/wp.obd4.com\/sv\/wp-json\/wp\/v2\/media\/3415"}],"wp:attachment":[{"href":"https:\/\/wp.obd4.com\/sv\/wp-json\/wp\/v2\/media?parent=3413"}],"wp:term":[{"taxonomy":"product_brand","embeddable":true,"href":"https:\/\/wp.obd4.com\/sv\/wp-json\/wp\/v2\/product_brand?post=3413"},{"taxonomy":"product_cat","embeddable":true,"href":"https:\/\/wp.obd4.com\/sv\/wp-json\/wp\/v2\/product_cat?post=3413"},{"taxonomy":"product_tag","embeddable":true,"href":"https:\/\/wp.obd4.com\/sv\/wp-json\/wp\/v2\/product_tag?post=3413"}],"curies":[{"name":"wp","href":"https:\/\/api.w.org\/{rel}","templated":true}]}}