{"id":4561,"date":"2025-03-04T15:18:55","date_gmt":"2025-03-04T14:18:55","guid":{"rendered":"https:\/\/wp.obd4.com\/?post_type=product&#038;p=4561"},"modified":"2025-11-14T08:59:27","modified_gmt":"2025-11-14T07:59:27","slug":"vagcom-hex-v2-full-chip-vcds-updates-volkswagen-audi","status":"publish","type":"product","link":"https:\/\/wp.obd4.com\/fr\/produit\/vagcom-hex-v2-full-chip-vcds-updates-volkswagen-audi\/","title":{"rendered":"VA-COM HEX Full Chip VCDS-like tool with Updates (outil de type VCDS \u00e0 puce compl\u00e8te avec mises \u00e0 jour)"},"content":{"rendered":"<p class=\"first:mt-1.5\"><strong class=\"\">Apr\u00e8s l'achat, vous recevrez un guide d'installation d\u00e9taill\u00e9 et un lien de t\u00e9l\u00e9chargement s\u00e9curis\u00e9.<\/strong><\/p>\n<p class=\"first:mt-1.5\">Nous proposons \u00e9galement des mises \u00e0 jour futures pour le logiciel VCDS afin de garantir que votre outil reste \u00e0 jour.<\/p>\n<h4>Caract\u00e9ristiques principales :<\/h4>\n<ul class=\"list-disc\">\n<li class=\"ml-4\"><strong class=\"\">Support VIN illimit\u00e9 :<\/strong> Compatible avec les v\u00e9hicules les plus r\u00e9cents sans aucune restriction.<\/li>\n<li class=\"ml-4\"><strong class=\"\">Compatibilit\u00e9 totale avec le groupe Volkswagen :<\/strong> Prise en charge d'une large gamme de marques.<\/li>\n<li class=\"ml-4\"><strong class=\"\">Couvre les v\u00e9hicules de 1996 \u00e0 2025 :<\/strong> Fonctionne en toute transparence avec un large \u00e9ventail de mod\u00e8les.<\/li>\n<li class=\"ml-4\"><strong class=\"\">Acc\u00e8s \u00e0 la s\u00e9curit\u00e9 avanc\u00e9e et codage long :<\/strong> Permet une personnalisation et des diagnostics plus pouss\u00e9s pour une meilleure gestion du v\u00e9hicule.<\/li>\n<li class=\"ml-4\"><strong class=\"\">Fonctionne avec la derni\u00e8re version du logiciel VCDS 25.3.1 :<\/strong> Assure l'acc\u00e8s aux derni\u00e8res fonctionnalit\u00e9s et mises \u00e0 jour pour des performances optimales.<\/li>\n<\/ul>\n<h4>Remarques importantes :<\/h4>\n<ul class=\"list-disc\">\n<li class=\"ml-4\"><strong class=\"\">Support logiciel :<\/strong> Si vous rencontrez des probl\u00e8mes, veuillez d'abord nous contacter. Nous fournissons une assistance \u00e0 l'installation \u00e0 distance et nous \u00e9changeons l'appareil si n\u00e9cessaire.<\/li>\n<li class=\"ml-4\"><strong class=\"\">Installation facile :<\/strong> L'installation est simple et ne prend que 5 minutes. Nous proposons des guides textuels et vid\u00e9o pour vous aider.<\/li>\n<li class=\"ml-4\"><strong class=\"\">Lien de t\u00e9l\u00e9chargement du logiciel :<\/strong> Le lien de t\u00e9l\u00e9chargement du logiciel sera fourni apr\u00e8s l'achat.<\/li>\n<li class=\"ml-4\"><strong class=\"\">Derni\u00e8res versions linguistiques :<\/strong> Toutes les options linguistiques disponibles sont \u00e0 jour pour votre confort.<\/li>\n<\/ul>\n<p class=\"first:mt-1.5\">Con\u00e7u pour \u00eatre utilis\u00e9 avec des PC, des ordinateurs portables et des tablettes, cet outil fournit des diagnostics de niveau professionnel \u00e0 une fraction du co\u00fbt des outils des concessionnaires.<\/p>\n<h4>Langues support\u00e9es :<\/h4>\n<ul class=\"list-disc\">\n<li class=\"ml-4\">Anglais<\/li>\n<li class=\"ml-4\">Fran\u00e7ais<\/li>\n<li class=\"ml-4\">Allemand<\/li>\n<li class=\"ml-4\">Italien<\/li>\n<li class=\"ml-4\">Polonais<\/li>\n<li class=\"ml-4\">Portugais<\/li>\n<li class=\"ml-4\">Russie<\/li>\n<li class=\"ml-4\">Danois<\/li>\n<li class=\"ml-4\">N\u00e9erlandais<\/li>\n<li class=\"ml-4\">Su\u00e9dois<\/li>\n<li class=\"ml-4\">Hongrois<\/li>\n<li class=\"ml-4\">Roumain<\/li>\n<li class=\"ml-4\">Tch\u00e8que<\/li>\n<\/ul>\n<h4>Versions du logiciel :<\/h4>\n<ul class=\"list-disc\">\n<li class=\"ml-4\"><strong class=\"\">En anglais :<\/strong> 25.3.1<\/li>\n<li class=\"ml-4\"><strong class=\"\">Fran\u00e7ais :<\/strong> 25.3.1<\/li>\n<li class=\"ml-4\"><strong class=\"\">Allemand :<\/strong> 25.3.1<\/li>\n<li><strong class=\"\">N\u00e9erlandais :<\/strong> 25.3.1<\/li>\n<li class=\"ml-4\"><strong class=\"\">Danois :<\/strong> 25.3.1<\/li>\n<li class=\"ml-4\"><strong class=\"\">Su\u00e9dois :<\/strong> 25.3.1<\/li>\n<li><strong class=\"\">Polonais :<\/strong> 25.3.1<\/li>\n<li class=\"ml-4\"><strong class=\"\">Hongrois :<\/strong> 25.3.1<\/li>\n<li class=\"ml-4\"><strong class=\"\">Roumain :<\/strong> 25.3.1<\/li>\n<li class=\"ml-4\"><strong class=\"\">Tch\u00e8que :<\/strong> 25.3.1<\/li>\n<li class=\"ml-4\"><strong class=\"\">Italien :<\/strong> 22.3.1<\/li>\n<li class=\"ml-4\"><strong class=\"\">Le portugais :<\/strong> 22.3.1<\/li>\n<li><strong class=\"\">Russe :<\/strong> 22.3.1<\/li>\n<\/ul>\n<h4>Configuration PC requise :<\/h4>\n<ul class=\"list-disc\">\n<li class=\"ml-4\"><strong class=\"\">Syst\u00e8me d'exploitation :<\/strong> Windows XP, Vista, 7, 8, 10, 11 (32 et 64 bits)<\/li>\n<li class=\"ml-4\"><strong class=\"\">Processeur :<\/strong> 1GHz avec 128MB RAM<\/li>\n<li class=\"ml-4\"><strong class=\"\">Disque dur :<\/strong> 30 Mo d'espace libre sur le disque dur<\/li>\n<li class=\"ml-4\"><strong class=\"\">Port USB :<\/strong> 1x port USB 2.0 ou 3.0<\/li>\n<\/ul>\n<p class=\"first:mt-1.5\"><strong class=\"\">Guide vid\u00e9o d'installation inclus !<\/strong><\/p>","protected":false},"excerpt":{"rendered":"<p>Un outil avanc\u00e9 pour la d\u00e9tection des d\u00e9fauts, le codage et les adaptations dans les v\u00e9hicules. Dot\u00e9 de la m\u00eame puce STM32F429 que l'original, avec un logiciel fourni via le VCDS.<\/p>","protected":false},"featured_media":5080,"comment_status":"open","ping_status":"closed","template":"","meta":{"_uag_custom_page_level_css":"","site-sidebar-layout":"default","site-content-layout":"","ast-site-content-layout":"default","site-content-style":"default","site-sidebar-style":"default","ast-global-header-display":"","ast-banner-title-visibility":"","ast-main-header-display":"","ast-hfb-above-header-display":"","ast-hfb-below-header-display":"","ast-hfb-mobile-header-display":"","site-post-title":"","ast-breadcrumbs-content":"","ast-featured-img":"","footer-sml-layout":"","theme-transparent-header-meta":"default","adv-header-id-meta":"","stick-header-meta":"","header-above-stick-meta":"","header-main-stick-meta":"","header-below-stick-meta":"","astra-migrate-meta-layouts":"set","ast-page-background-enabled":"default","ast-page-background-meta":{"desktop":{"background-color":"","background-image":"","background-repeat":"repeat","background-position":"center center","background-size":"auto","background-attachment":"scroll","background-type":"","background-media":"","overlay-type":"","overlay-color":"","overlay-opacity":"","overlay-gradient":""},"tablet":{"background-color":"","background-image":"","background-repeat":"repeat","background-position":"center center","background-size":"auto","background-attachment":"scroll","background-type":"","background-media":"","overlay-type":"","overlay-color":"","overlay-opacity":"","overlay-gradient":""},"mobile":{"background-color":"","background-image":"","background-repeat":"repeat","background-position":"center center","background-size":"auto","background-attachment":"scroll","background-type":"","background-media":"","overlay-type":"","overlay-color":"","overlay-opacity":"","overlay-gradient":""}},"ast-content-background-meta":{"desktop":{"background-color":"var(--ast-global-color-5)","background-image":"","background-repeat":"repeat","background-position":"center center","background-size":"auto","background-attachment":"scroll","background-type":"","background-media":"","overlay-type":"","overlay-color":"","overlay-opacity":"","overlay-gradient":""},"tablet":{"background-color":"var(--ast-global-color-5)","background-image":"","background-repeat":"repeat","background-position":"center center","background-size":"auto","background-attachment":"scroll","background-type":"","background-media":"","overlay-type":"","overlay-color":"","overlay-opacity":"","overlay-gradient":""},"mobile":{"background-color":"var(--ast-global-color-5)","background-image":"","background-repeat":"repeat","background-position":"center center","background-size":"auto","background-attachment":"scroll","background-type":"","background-media":"","overlay-type":"","overlay-color":"","overlay-opacity":"","overlay-gradient":""}}},"product_brand":[],"product_cat":[70,647],"product_tag":[78,80,75],"class_list":{"0":"post-4561","1":"product","2":"type-product","3":"status-publish","4":"has-post-thumbnail","6":"product_cat-diagnostics","7":"product_cat-programming","8":"product_tag-audi","9":"product_tag-skoda","10":"product_tag-volkswagen","11":"desktop-align-left","12":"tablet-align-left","13":"mobile-align-left","14":"ast-product-gallery-layout-horizontal-slider","15":"ast-product-single-variable","16":"ast-product-tabs-layout-horizontal","18":"first","19":"instock","20":"shipping-taxable","21":"purchasable","22":"product-type-variable","23":"has-default-attributes"},"aioseo_notices":[],"uagb_featured_image_src":{"full":["https:\/\/wp.obd4.com\/wp-content\/uploads\/2025\/03\/Diag-VCDS-4-e1750940604794.jpg",1365,1365,false],"thumbnail":["https:\/\/wp.obd4.com\/wp-content\/uploads\/2025\/03\/Diag-VCDS-4-e1750940604794-150x150.jpg",150,150,true],"medium":["https:\/\/wp.obd4.com\/wp-content\/uploads\/2025\/03\/Diag-VCDS-4-e1750940604794-300x300.jpg",300,300,true],"medium_large":["https:\/\/wp.obd4.com\/wp-content\/uploads\/2025\/03\/Diag-VCDS-4-e1750940604794-768x768.jpg",768,768,true],"large":["https:\/\/wp.obd4.com\/wp-content\/uploads\/2025\/03\/Diag-VCDS-4-e1750940604794-1024x1024.jpg",1024,1024,true],"1536x1536":["https:\/\/wp.obd4.com\/wp-content\/uploads\/2025\/03\/Diag-VCDS-4-1536x1024.jpg",1536,1024,true],"2048x2048":["https:\/\/wp.obd4.com\/wp-content\/uploads\/2025\/03\/Diag-VCDS-4-e1750940604794.jpg",1365,1365,false],"trp-custom-language-flag":["https:\/\/wp.obd4.com\/wp-content\/uploads\/2025\/03\/Diag-VCDS-4-e1750940604794-12x12.jpg",12,12,true],"woocommerce_thumbnail":["https:\/\/wp.obd4.com\/wp-content\/uploads\/2025\/03\/Diag-VCDS-4-e1750940604794-300x300.jpg",300,300,true],"woocommerce_single":["https:\/\/wp.obd4.com\/wp-content\/uploads\/2025\/03\/Diag-VCDS-4-e1750940604794-600x600.jpg",600,600,true],"woocommerce_gallery_thumbnail":["https:\/\/wp.obd4.com\/wp-content\/uploads\/2025\/03\/Diag-VCDS-4-e1750940604794-100x100.jpg",100,100,true]},"uagb_author_info":{"display_name":"Andrew","author_link":"https:\/\/wp.obd4.com\/fr\/author\/"},"uagb_comment_info":2,"uagb_excerpt":"An advanced tool for fault detection, coding, and adaptations in vehicles. Features the same STM32F429 chip as the original, with software provided via VCDS.","_links":{"self":[{"href":"https:\/\/wp.obd4.com\/fr\/wp-json\/wp\/v2\/product\/4561","targetHints":{"allow":["GET"]}}],"collection":[{"href":"https:\/\/wp.obd4.com\/fr\/wp-json\/wp\/v2\/product"}],"about":[{"href":"https:\/\/wp.obd4.com\/fr\/wp-json\/wp\/v2\/types\/product"}],"replies":[{"embeddable":true,"href":"https:\/\/wp.obd4.com\/fr\/wp-json\/wp\/v2\/comments?post=4561"}],"wp:featuredmedia":[{"embeddable":true,"href":"https:\/\/wp.obd4.com\/fr\/wp-json\/wp\/v2\/media\/5080"}],"wp:attachment":[{"href":"https:\/\/wp.obd4.com\/fr\/wp-json\/wp\/v2\/media?parent=4561"}],"wp:term":[{"taxonomy":"product_brand","embeddable":true,"href":"https:\/\/wp.obd4.com\/fr\/wp-json\/wp\/v2\/product_brand?post=4561"},{"taxonomy":"product_cat","embeddable":true,"href":"https:\/\/wp.obd4.com\/fr\/wp-json\/wp\/v2\/product_cat?post=4561"},{"taxonomy":"product_tag","embeddable":true,"href":"https:\/\/wp.obd4.com\/fr\/wp-json\/wp\/v2\/product_tag?post=4561"}],"curies":[{"name":"wp","href":"https:\/\/api.w.org\/{rel}","templated":true}]}}