{"id":60,"date":"2024-09-26T10:47:21","date_gmt":"2024-09-26T10:47:21","guid":{"rendered":"https:\/\/wp.obd4.com\/contact-us\/"},"modified":"2025-09-05T14:34:33","modified_gmt":"2025-09-05T13:34:33","slug":"contact","status":"publish","type":"page","link":"https:\/\/wp.obd4.com\/fr\/contact\/","title":{"rendered":"Nous contacter"},"content":{"rendered":"<div class=\"wp-block-uagb-container uagb-block-4ea82442 alignfull uagb-is-root-container\"><div class=\"uagb-container-inner-blocks-wrap\">\n<div class=\"wp-block-uagb-advanced-heading uagb-block-5cb667a4\"><h1 class=\"uagb-heading-text\">Nous contacter<\/h1><\/div>\n<\/div><\/div>\n\n\n\n<div class=\"wp-block-uagb-container uagb-block-cb631c61 alignfull uagb-is-root-container\"><div class=\"uagb-container-inner-blocks-wrap\">\n<div class=\"wp-block-uagb-info-box uagb-block-e36be1b3 uagb-infobox__content-wrap  uagb-infobox-icon-above-title uagb-infobox-image-valign-top\"><div class=\"uagb-ifb-content\"><div class=\"uagb-ifb-title-wrap\"><h5 class=\"uagb-ifb-title-prefix\">Vous avez des questions ?<\/h5><h2 class=\"uagb-ifb-title\">Nous sommes l\u00e0 pour vous aider.<\/h2><\/div><div class=\"uagb-ifb-separator\"><\/div><\/div><\/div>\n\n\n\n<div class=\"wp-block-uagb-container uagb-block-8d478d84\">\n<div class=\"wp-block-uagb-container uagb-block-eedc770c\">\n<div class=\"wp-block-uagb-advanced-heading uagb-block-0152d9d2\"><h3 class=\"uagb-heading-text\">WhatsApp<\/h3><p class=\"uagb-desc-text\">Envoyez-nous un message sur WhatsApp pour obtenir des r\u00e9ponses rapides et de l'aide !<\/p><\/div>\n\n\n\n<div class=\"wp-block-uagb-advanced-heading uagb-block-7b600c7c\"><h5 class=\"uagb-heading-text\">+421 950 764 523<\/h5><\/div>\n<\/div>\n\n\n\n<div class=\"wp-block-uagb-container uagb-block-bbac4cb6\">\n<div class=\"wp-block-uagb-advanced-heading uagb-block-425262b5\"><h3 class=\"uagb-heading-text\">Retours<\/h3><p class=\"uagb-desc-text\">Besoin de retourner un article ? Contactez notre service des retours<\/p><\/div>\n\n\n\n<div class=\"wp-block-uagb-advanced-heading uagb-block-40b56668\"><h5 class=\"uagb-heading-text\"><a href=\"https:\/\/wp.obd4.com\/fr\/remboursements\/\" title=\"Page des remboursements et des retours\">Remboursement et retours<\/a><\/h5><\/div>\n<\/div>\n\n\n\n<div class=\"wp-block-uagb-container uagb-block-78f5ccad\">\n<div class=\"wp-block-uagb-advanced-heading uagb-block-1e9a5949\"><h3 class=\"uagb-heading-text\">Soutien<\/h3><p class=\"uagb-desc-text\">Pour toute question technique ou demande d'assistance, contactez-nous !<\/p><\/div>\n\n\n\n<div class=\"wp-block-uagb-advanced-heading uagb-block-eb19c1f6\"><h5 class=\"uagb-heading-text\">support@wp.obd4.com<\/h5><\/div>\n<\/div>\n<\/div>\n<\/div><\/div>\n\n\n\n<div class=\"wp-block-uagb-container uagb-block-77408ad7 alignfull uagb-is-root-container\"><div class=\"uagb-container-inner-blocks-wrap\">\n<div class=\"wp-block-uagb-info-box uagb-block-35952ac3 uagb-infobox__content-wrap  uagb-infobox-icon-above-title uagb-infobox-image-valign-top wp-block-uagb-info-box--has-margin\"><div class=\"uagb-infobox-margin-wrapper\"><div class=\"uagb-ifb-content\"><div class=\"uagb-ifb-title-wrap\"><h6 class=\"uagb-ifb-title-prefix\">Ne soyez pas un \u00e9tranger !<\/h6><h2 class=\"uagb-ifb-title\">Vous nous le dites. Nous \u00e9coutons.<\/h2><\/div><p class=\"uagb-ifb-desc\">Nous sommes l\u00e0 pour vous aider ! Si vous avez des questions ou si vous avez besoin d'aide, n'h\u00e9sitez pas \u00e0 nous contacter. Notre \u00e9quipe est pr\u00eate \u00e0 vous apporter le soutien dont vous avez besoin.<br><br><strong>Nous contacter :<\/strong><br>OBD4 TRADE s.r.o.<br>t\u0159. Kosmonaut\u016f 1221\/2a, 779 00 Olomouc 9, R\u00e9publique tch\u00e8que<br>Courriel : info@wp.obd4.com<\/p><\/div><\/div><\/div>\n\n\n\n<div class=\"wp-block-uagb-container uagb-block-e2f776e3\">\n<div class=\"wp-block-uagb-forms uagb-forms__outer-wrap uagb-block-6aabef13 uagb-forms__default-btn\"><form class=\"uagb-forms-main-form\" method=\"post\" autocomplete=\"on\" name=\"uagb-form-6aabef13\" action=\"\">\n<div class=\"wp-block-uagb-forms-name uagb-forms-name-wrap uagb-forms-field-set uagb-block-d1994833\"><div class=\"uagb-forms-name-label required uagb-forms-input-label\" id=\"d1994833\">Pr\u00e9nom<\/div><input type=\"text\" placeholder=\"NOM\" required class=\"uagb-forms-name-input uagb-forms-input\" name=\"d1994833\" autocomplete=\"given-name\"\/><\/div>\n\n\n\n<div class=\"wp-block-uagb-forms-name uagb-forms-name-wrap uagb-forms-field-set uagb-block-a362ca6e\"><div class=\"uagb-forms-name-label required uagb-forms-input-label\" id=\"a362ca6e\">Nom de famille<\/div><input type=\"text\" placeholder=\"OBJET\" required class=\"uagb-forms-name-input uagb-forms-input\" name=\"a362ca6e\" autocomplete=\"family-name\"\/><\/div>\n\n\n\n<div class=\"wp-block-uagb-forms-email uagb-forms-email-wrap uagb-forms-field-set uagb-block-e0a7c43b\"><div class=\"uagb-forms-email-label  uagb-forms-input-label\" id=\"e0a7c43b\">Courriel<\/div><input type=\"email\" class=\"uagb-forms-email-input uagb-forms-input\" placeholder=\"EMAIL\" name=\"e0a7c43b\" autocomplete=\"email\"\/><\/div>\n\n\n\n<div class=\"wp-block-uagb-forms-textarea uagb-forms-textarea-wrap uagb-forms-field-set uagb-block-f50e786d\"><div class=\"uagb-forms-textarea-label required uagb-forms-input-label\" id=\"f50e786d\">Message<\/div><textarea required class=\"uagb-forms-textarea-input uagb-forms-input\" rows=\"6\" placeholder=\"MESSAGE\" name=\"f50e786d\" autocomplete=\"off\"><\/textarea><\/div>\n<div class=\"uagb-forms-form-hidden-data\"><input type=\"hidden\" class=\"uagb_forms_form_label\" value=\"Spectra Form\"\/><input type=\"hidden\" class=\"uagb_forms_form_id\" value=\"uagb-form-6aabef13\"\/><\/div><div class=\"uagb-form-reacaptcha-error-6aabef13\"><\/div><div class=\"uagb-forms-main-submit-button-wrap wp-block-button\"><button class=\"uagb-forms-main-submit-button wp-block-button__link\"><div class=\"uagb-forms-main-submit-button-text\">ENVOYER UN MESSAGE<\/div><\/button><\/div><input type=\"hidden\" name=\"trp-form-language\" value=\"fr\"\/><\/form><div class=\"uagb-forms-success-message-6aabef13 uagb-forms-submit-message-hide\"><span>Le formulaire a \u00e9t\u00e9 soumis avec succ\u00e8s !<\/span><\/div><div class=\"uagb-forms-failed-message-6aabef13 uagb-forms-submit-message-hide\"><span>Une erreur s'est produite lors de l'envoi du formulaire. Veuillez v\u00e9rifier \u00e0 nouveau tous les champs du formulaire.<\/span><\/div><\/div>\n<\/div>\n<\/div><\/div>\n\n\n\n<p><\/p>","protected":false},"excerpt":{"rendered":"<p>Contact Us WhatsApp Message us on WhatsApp for quick responses and support! +421 950 764 523 Returns Need to return an item? Contact our returns department Refund and Returns Support For any technical issues or support requests, reach out us! support@wp.obd4.com<\/p>","protected":false},"author":38,"featured_media":0,"parent":0,"menu_order":0,"comment_status":"closed","ping_status":"closed","template":"","meta":{"_uag_custom_page_level_css":"","site-sidebar-layout":"no-sidebar","site-content-layout":"plain-container","ast-site-content-layout":"full-width-container","site-content-style":"default","site-sidebar-style":"default","ast-global-header-display":"","ast-banner-title-visibility":"","ast-main-header-display":"","ast-hfb-above-header-display":"","ast-hfb-below-header-display":"","ast-hfb-mobile-header-display":"","site-post-title":"disabled","ast-breadcrumbs-content":"","ast-featured-img":"","footer-sml-layout":"","theme-transparent-header-meta":"enabled","adv-header-id-meta":"","stick-header-meta":"","header-above-stick-meta":"","header-main-stick-meta":"","header-below-stick-meta":"","astra-migrate-meta-layouts":"set","ast-page-background-enabled":"default","ast-page-background-meta":{"desktop":{"background-color":"","background-image":"","background-repeat":"repeat","background-position":"center center","background-size":"auto","background-attachment":"scroll","background-type":"","background-media":"","overlay-type":"","overlay-color":"","overlay-opacity":"","overlay-gradient":""},"tablet":{"background-color":"","background-image":"","background-repeat":"repeat","background-position":"center center","background-size":"auto","background-attachment":"scroll","background-type":"","background-media":"","overlay-type":"","overlay-color":"","overlay-opacity":"","overlay-gradient":""},"mobile":{"background-color":"","background-image":"","background-repeat":"repeat","background-position":"center center","background-size":"auto","background-attachment":"scroll","background-type":"","background-media":"","overlay-type":"","overlay-color":"","overlay-opacity":"","overlay-gradient":""}},"ast-content-background-meta":{"desktop":{"background-color":"var(--ast-global-color-5)","background-image":"","background-repeat":"repeat","background-position":"center center","background-size":"auto","background-attachment":"scroll","background-type":"","background-media":"","overlay-type":"","overlay-color":"","overlay-opacity":"","overlay-gradient":""},"tablet":{"background-color":"var(--ast-global-color-5)","background-image":"","background-repeat":"repeat","background-position":"center center","background-size":"auto","background-attachment":"scroll","background-type":"","background-media":"","overlay-type":"","overlay-color":"","overlay-opacity":"","overlay-gradient":""},"mobile":{"background-color":"var(--ast-global-color-5)","background-image":"","background-repeat":"repeat","background-position":"center center","background-size":"auto","background-attachment":"scroll","background-type":"","background-media":"","overlay-type":"","overlay-color":"","overlay-opacity":"","overlay-gradient":""}},"footnotes":""},"class_list":["post-60","page","type-page","status-publish","hentry"],"aioseo_notices":[],"uagb_featured_image_src":{"full":false,"thumbnail":false,"medium":false,"medium_large":false,"large":false,"1536x1536":false,"2048x2048":false,"trp-custom-language-flag":false,"woocommerce_thumbnail":false,"woocommerce_single":false,"woocommerce_gallery_thumbnail":false},"uagb_author_info":{"display_name":"Andrew","author_link":"https:\/\/wp.obd4.com\/fr\/author\/andrew\/"},"uagb_comment_info":0,"uagb_excerpt":"Contact Us WhatsApp Message us on WhatsApp for quick responses and support! +421 950 764 523 Returns Need to return an item? Contact our returns department Refund and Returns Support For any technical issues or support requests, reach out us! support@wp.obd4.com","_links":{"self":[{"href":"https:\/\/wp.obd4.com\/fr\/wp-json\/wp\/v2\/pages\/60","targetHints":{"allow":["GET"]}}],"collection":[{"href":"https:\/\/wp.obd4.com\/fr\/wp-json\/wp\/v2\/pages"}],"about":[{"href":"https:\/\/wp.obd4.com\/fr\/wp-json\/wp\/v2\/types\/page"}],"author":[{"embeddable":true,"href":"https:\/\/wp.obd4.com\/fr\/wp-json\/wp\/v2\/users\/38"}],"replies":[{"embeddable":true,"href":"https:\/\/wp.obd4.com\/fr\/wp-json\/wp\/v2\/comments?post=60"}],"version-history":[{"count":1,"href":"https:\/\/wp.obd4.com\/fr\/wp-json\/wp\/v2\/pages\/60\/revisions"}],"predecessor-version":[{"id":5479,"href":"https:\/\/wp.obd4.com\/fr\/wp-json\/wp\/v2\/pages\/60\/revisions\/5479"}],"wp:attachment":[{"href":"https:\/\/wp.obd4.com\/fr\/wp-json\/wp\/v2\/media?parent=60"}],"curies":[{"name":"wp","href":"https:\/\/api.w.org\/{rel}","templated":true}]}}