{"id":59,"date":"2024-09-26T10:47:21","date_gmt":"2024-09-26T10:47:21","guid":{"rendered":"https:\/\/wp.obd4.com\/about\/"},"modified":"2025-09-05T14:34:16","modified_gmt":"2025-09-05T13:34:16","slug":"acerca-de-nosotros","status":"publish","type":"page","link":"https:\/\/wp.obd4.com\/es\/acerca-de-nosotros\/","title":{"rendered":"Qui\u00e9nes somos"},"content":{"rendered":"<div class=\"wp-block-uagb-container uagb-block-1b3539fb alignfull uagb-is-root-container\"><div class=\"uagb-container-inner-blocks-wrap\">\n<div class=\"wp-block-uagb-advanced-heading uagb-block-1e9f933f\"><h1 class=\"uagb-heading-text\">Qui\u00e9nes somos<\/h1><\/div>\n<\/div><\/div>\n\n\n\n<div class=\"wp-block-uagb-info-box uagb-block-3a2a356e uagb-infobox__content-wrap  uagb-infobox-icon-above-title uagb-infobox-image-valign-top\"><div class=\"uagb-ifb-content\"><div class=\"uagb-ifb-separator\"><\/div><div class=\"uagb-ifb-title-wrap\"><h4 class=\"uagb-ifb-title-prefix\">Algunas palabras sobre<\/h4><h2 class=\"uagb-ifb-title\">Nuestro equipo<\/h2><\/div><p class=\"uagb-ifb-desc\">Somos un peque\u00f1o equipo de amantes de los coches, expertos en diagn\u00f3stico y profesionales del comercio electr\u00f3nico con sede en la Rep\u00fablica Checa. Empezamos OBD4 porque nos costaba encontrar vendedores honestos de buenas herramientas. As\u00ed que creamos lo que quer\u00edamos: una tienda r\u00e1pida, \u00fatil y basada en la tecnolog\u00eda m\u00e1s avanzada. <strong>experiencia real en automoci\u00f3n<\/strong>.<br>Nuestros antecedentes abarcan: <strong>Diagn\u00f3stico en automoci\u00f3n<\/strong>, <strong>Instalaci\u00f3n de software y asistencia t\u00e9cnica<\/strong>,<strong> Atenci\u00f3n al cliente y operaciones de comercio electr\u00f3nico<\/strong>. No subcontratamos la asistencia. Cuando se pone en contacto con nosotros, habla con alguien que <strong>conoce las herramientas, los sistemas y los casos de uso en el mundo real.<\/strong><br>Nuestra misi\u00f3n es simplificar el diagn\u00f3stico de veh\u00edculos y dotar a los propietarios de veh\u00edculos, talleres y especialistas en automoci\u00f3n de la <strong>las mejores herramientas a precios justos<\/strong>al tiempo que ofrece <strong>asistencia r\u00e1pida<\/strong>, <strong>gu\u00edas detalladas<\/strong>y <strong>pruebas en el mundo real<\/strong>.<\/p><\/div><\/div>\n\n\n\n<div class=\"wp-block-uagb-container uagb-block-a26a8cee alignfull uagb-is-root-container\">\n<div class=\"wp-block-uagb-container uagb-layout-grid uagb-block-bcab295c\">\n<div class=\"wp-block-uagb-info-box uagb-block-5ba8c1e6 uagb-infobox__content-wrap  uagb-infobox-icon-above-title uagb-infobox-image-valign-top\"><div class=\"uagb-ifb-content\"><div class=\"uagb-ifb-title-wrap\"><div class=\"uagb-ifb-separator\"><\/div><h2 class=\"uagb-ifb-title\">Qui\u00e9nes somos<\/h2><\/div><p class=\"uagb-ifb-desc\">Bienvenido a <strong>OBD4<\/strong>su tienda en l\u00ednea de confianza <strong>herramientas de diagn\u00f3stico del autom\u00f3vil<\/strong>, <strong>software de diagn\u00f3stico para autom\u00f3viles<\/strong>y <strong>accesorios<\/strong> para todo tipo de veh\u00edculos y aficionados al autom\u00f3vil.<br>Tanto si eres un <strong>Mec\u00e1nico de bricolaje<\/strong>, a <strong>t\u00e9cnico profesional<\/strong>o un <strong>aficionado al tuning de coches<\/strong>le ofrecemos una selecci\u00f3n de las mejores herramientas, como <strong>Esc\u00e1neres OBD2<\/strong>, <strong>interfaces de diagn\u00f3stico para concesionarios<\/strong>y <strong>herramientas de codificaci\u00f3n<\/strong> de marcas de confianza, todo en el mismo sitio.<br>En <strong>HEX-V2<\/strong>, <strong>AC CDP+<\/strong>y <strong>Cables ENET<\/strong> a herramientas avanzadas como <strong>VAS 6154<\/strong>, <strong>DICE<\/strong>o <strong>Multidiag Pro<\/strong>Garantizamos la compatibilidad, el rendimiento y la asistencia a largo plazo.<\/p><\/div><\/div>\n\n\n\n<div class=\"wp-block-uagb-image uagb-block-f00e7286 wp-block-uagb-image--layout-default wp-block-uagb-image--effect-static wp-block-uagb-image--align-none\"><figure class=\"wp-block-uagb-image__figure\"><img decoding=\"async\" srcset=\"https:\/\/wp.obd4.com\/wp-content\/uploads\/2025\/06\/Sa31c7dbe36e6436180cf4d7ef62f4c76H.jpg_960x960.avif ,https:\/\/wp.obd4.com\/wp-content\/uploads\/2025\/06\/Sa31c7dbe36e6436180cf4d7ef62f4c76H.jpg_960x960.avif 780w, https:\/\/wp.obd4.com\/wp-content\/uploads\/2025\/06\/Sa31c7dbe36e6436180cf4d7ef62f4c76H.jpg_960x960.avif 360w\" sizes=\"auto, (max-width: 480px) 150px\" src=\"https:\/\/wp.obd4.com\/wp-content\/uploads\/2025\/06\/Sa31c7dbe36e6436180cf4d7ef62f4c76H.jpg_960x960.avif\" alt=\"\" class=\"uag-image-5016\" width=\"776\" height=\"436\" title=\"Sa31c7dbe36e6436180cf4d7ef62f4c76H.jpg_960x960\" loading=\"lazy\" role=\"img\"\/><\/figure><\/div>\n<\/div>\n<\/div>\n\n\n\n<div class=\"wp-block-uagb-container uagb-block-c21e87fc alignfull uagb-is-root-container\"><div class=\"uagb-container-inner-blocks-wrap\">\n<div class=\"wp-block-uagb-container uagb-block-5c5a1f0a\">\n<figure class=\"wp-block-image aligncenter size-full\"><img decoding=\"async\" width=\"960\" height=\"539\" src=\"https:\/\/wp.obd4.com\/wp-content\/uploads\/2025\/06\/S2dac842158514a568e79fcee32f79112R.jpg_960x960.avif\" alt=\"\" class=\"wp-image-5014\" srcset=\"https:\/\/wp.obd4.com\/wp-content\/uploads\/2025\/06\/S2dac842158514a568e79fcee32f79112R.jpg_960x960.avif 960w, https:\/\/wp.obd4.com\/wp-content\/uploads\/2025\/06\/S2dac842158514a568e79fcee32f79112R.jpg_960x960-300x168.avif 300w, https:\/\/wp.obd4.com\/wp-content\/uploads\/2025\/06\/S2dac842158514a568e79fcee32f79112R.jpg_960x960-768x431.avif 768w, https:\/\/wp.obd4.com\/wp-content\/uploads\/2025\/06\/S2dac842158514a568e79fcee32f79112R.jpg_960x960-18x10.avif 18w, https:\/\/wp.obd4.com\/wp-content\/uploads\/2025\/06\/S2dac842158514a568e79fcee32f79112R.jpg_960x960-600x337.avif 600w\" sizes=\"(max-width: 960px) 100vw, 960px\" \/><\/figure>\n<\/div>\n\n\n\n<div class=\"wp-block-uagb-info-box uagb-block-d4fd1b3d uagb-infobox__content-wrap  uagb-infobox-icon-above-title uagb-infobox-image-valign-top\"><div class=\"uagb-ifb-content\"><div class=\"uagb-ifb-separator\"><\/div><div class=\"uagb-ifb-title-wrap\"><h4 class=\"uagb-ifb-title-prefix\">Por qu\u00e9 elegir<\/h4><h2 class=\"uagb-ifb-title\">OBD4<\/h2><\/div><p class=\"uagb-ifb-desc\">\u2705 <strong>Calidad verificada<\/strong> - S\u00f3lo vendemos herramientas de diagn\u00f3stico que probamos nosotros mismos y que utilizar\u00edamos en nuestros propios veh\u00edculos.<br>\u2705 <strong>Amplia compatibilidad<\/strong> - Desde <strong>BMW, Mercedes-Benz, Audi, Volvo, Toyota<\/strong>a <strong>Opel y Peugeot<\/strong>cubrimos m\u00e1s de <strong>95% de marcas de veh\u00edculos<\/strong>.<br>\u2705 <strong>Asistencia experta<\/strong> - \u00bfNecesita ayuda para elegir la herramienta adecuada? Nuestro equipo le ofrece ayuda sincera y sin tapujos a trav\u00e9s de <a>correo electr\u00f3nico<\/a> o chat en directo.<br>\u2705 <strong>Env\u00edo r\u00e1pido<\/strong> - Realizamos env\u00edos a toda Europa con <strong>seguimiento<\/strong>, <strong>embalaje seguro<\/strong>y <strong>transportistas de confianza<\/strong>.<br>\u2705 <strong>Precios asequibles<\/strong> - Sin sobreprecios en el concesionario. Usted obtiene <strong>precios directos<\/strong> sin comprometer la calidad.<br><br>\ud83d\uded2 Explora toda nuestra <a href=\"https:\/\/wp.obd4.com\/es\/shop\/\" title=\"\">Cat\u00e1logo de productos<\/a><br>\ud83e\uddf0 \u00bfEres nuevo en esto del diagn\u00f3stico? Lea nuestra gu\u00eda: <a>C\u00f3mo elegir el esc\u00e1ner OBD2 adecuado<\/a><\/p><\/div><\/div>\n<\/div><\/div>\n\n\n\n<div class=\"wp-block-uagb-container uagb-block-a0d3d30e alignfull uagb-is-root-container\"><div class=\"uagb-container-inner-blocks-wrap\">\n<div class=\"wp-block-uagb-info-box uagb-block-4213f24c uagb-infobox__content-wrap  uagb-infobox-icon-above-title uagb-infobox-image-valign-top\"><div class=\"uagb-ifb-content\"><div class=\"uagb-ifb-title-wrap\"><h2 class=\"uagb-ifb-title\">Clientes de toda Europa conf\u00edan en nosotros<\/h2><\/div><p class=\"uagb-ifb-desc\">Hemos ayudado a miles de clientes en <strong>Alemania, Francia, Pa\u00edses Bajos, Escandinavia<\/strong>y muchos m\u00e1s encuentran las herramientas adecuadas para sus veh\u00edculos.<br>Nuestra tienda est\u00e1 protegida con <strong>Cifrado SSL<\/strong>Aceptamos los principales m\u00e9todos de pago y ofrecemos documentaci\u00f3n completa de facturas para empresas y profesionales.<br><br>\u00bfQuiere estar tranquilo? Consulte nuestra <a>Opiniones de los clientes<\/a><\/p><div class=\"uagb-ifb-button-wrapper wp-block-button\"><a href=\"#\" class=\"uagb-infobox-cta-link wp-block-button__link\" target=\"_self\" rel=\"noopener noreferrer\" onclick=\"return false;\"><span class=\"uagb-inline-editing\">Comentarios de los clientes<\/span><\/a><\/div><\/div><\/div>\n<\/div><\/div>\n\n\n\n<div class=\"wp-block-uagb-container uagb-block-c905cc36 alignfull uagb-is-root-container\"><div class=\"uagb-container-inner-blocks-wrap\">\n<div class=\"wp-block-uagb-container uagb-block-b400cc24\">\n<div class=\"wp-block-uagb-info-box uagb-block-f948c7b8 uagb-infobox__content-wrap  uagb-infobox-icon-above-title uagb-infobox-image-valign-top\"><div class=\"uagb-ifb-content\"><div class=\"uagb-ifb-title-wrap\"><div class=\"uagb-ifb-separator\"><\/div><h2 class=\"uagb-ifb-title\">Comparte con tus amigos<\/h2><\/div><\/div><\/div>\n\n\n\n<div class=\"wp-block-uagb-social-share uagb-social-share__outer-wrap uagb-social-share__layout-horizontal uagb-block-b80ea331\">\n<div class=\"wp-block-uagb-social-share-child uagb-ss-repeater uagb-ss__wrapper uagb-block-1fc986a2\"><span class=\"uagb-ss__link\" data-href=\"https:\/\/www.facebook.com\/sharer.php?u=\" tabindex=\"0\" role=\"button\" aria-label=\"facebook\"><span class=\"uagb-ss__source-wrap\"><span class=\"uagb-ss__source-icon\"><svg xmlns=\"https:\/\/www.w3.org\/2000\/svg\" viewbox=\"0 0 320 512\"><path d=\"M279.1 288l14.22-92.66h-88.91v-60.13c0-25.35 12.42-50.06 52.24-50.06h40.42V6.26S260.4 0 225.4 0c-73.22 0-121.1 44.38-121.1 124.7v70.62H22.89V288h81.39v224h100.2V288z\"><\/path><\/svg><\/span><\/span><\/span><\/div>\n\n\n\n<div class=\"wp-block-uagb-social-share-child uagb-ss-repeater uagb-ss__wrapper uagb-block-93f76d47\"><span class=\"uagb-ss__link\" data-href=\"https:\/\/twitter.com\/share?url=\" tabindex=\"0\" role=\"button\" aria-label=\"twitter\"><span class=\"uagb-ss__source-wrap\"><span class=\"uagb-ss__source-icon\"><svg xmlns=\"https:\/\/www.w3.org\/2000\/svg\" viewbox=\"0 0 512 512\"><path d=\"M389.2 48h70.6L305.6 224.2 487 464H345L233.7 318.6 106.5 464H35.8L200.7 275.5 26.8 48H172.4L272.9 180.9 389.2 48zM364.4 421.8h39.1L151.1 88h-42L364.4 421.8z\"><\/path><\/svg><\/span><\/span><\/span><\/div>\n\n\n\n<div class=\"wp-block-uagb-social-share-child uagb-ss-repeater uagb-ss__wrapper uagb-block-b75621db\"><span class=\"uagb-ss__link\" data-href=\"https:\/\/telegram.me\/share\/url?url=\" tabindex=\"0\" role=\"button\" aria-label=\"telegrama\"><span class=\"uagb-ss__source-wrap\"><span class=\"uagb-ss__source-icon\"><svg xmlns=\"https:\/\/www.w3.org\/2000\/svg\" viewbox=\"0 0 496 512\"><path d=\"M248 8C111 8 0 119 0 256S111 504 248 504 496 392.1 496 256 384.1 8 248 8zM362.1 176.7c-3.732 39.22-19.88 134.4-28.1 178.3-3.476 18.58-10.32 24.82-16.95 25.42-14.4 1.326-25.34-9.517-39.29-18.66-21.83-14.31-34.16-23.22-55.35-37.18-24.49-16.14-8.612-25 5.342-39.5 3.652-3.793 67.11-61.51 68.33-66.75 .153-.655 .3-3.1-1.154-4.384s-3.59-.849-5.135-.5q-3.283 .746-104.6 69.14-14.85 10.19-26.89 9.934c-8.855-.191-25.89-5.006-38.55-9.123-15.53-5.048-27.88-7.717-26.8-16.29q.84-6.7 18.45-13.7 108.4-47.25 144.6-62.3c68.87-28.65 83.18-33.62 92.51-33.79 2.052-.034 6.639 .474 9.61 2.885a10.45 10.45 0 0 1 3.53 6.716A43.76 43.76 0 0 1 362.1 176.7z\"><\/path><\/svg><\/span><\/span><\/span><\/div>\n\n\n\n<div class=\"wp-block-uagb-social-share-child uagb-ss-repeater uagb-ss__wrapper uagb-block-2f094745\"><span class=\"uagb-ss__link\" data-href=\"https:\/\/api.whatsapp.com\/send?text=\" tabindex=\"0\" role=\"button\" aria-label=\"whatsapp\"><span class=\"uagb-ss__source-wrap\"><span class=\"uagb-ss__source-icon\"><svg xmlns=\"https:\/\/www.w3.org\/2000\/svg\" viewbox=\"0 0 448 512\"><path d=\"M380.9 97.1C339 55.1 283.2 32 223.9 32c-122.4 0-222 99.6-222 222 0 39.1 10.2 77.3 29.6 111L0 480l117.7-30.9c32.4 17.7 68.9 27 106.1 27h.1c122.3 0 224.1-99.6 224.1-222 0-59.3-25.2-115-67.1-157zm-157 341.6c-33.2 0-65.7-8.9-94-25.7l-6.7-4-69.8 18.3L72 359.2l-4.4-7c-18.5-29.4-28.2-63.3-28.2-98.2 0-101.7 82.8-184.5 184.6-184.5 49.3 0 95.6 19.2 130.4 54.1 34.8 34.9 56.2 81.2 56.1 130.5 0 101.8-84.9 184.6-186.6 184.6zm101.2-138.2c-5.5-2.8-32.8-16.2-37.9-18-5.1-1.9-8.8-2.8-12.5 2.8-3.7 5.6-14.3 18-17.6 21.8-3.2 3.7-6.5 4.2-12 1.4-32.6-16.3-54-29.1-75.5-66-5.7-9.8 5.7-9.1 16.3-30.3 1.8-3.7 .9-6.9-.5-9.7-1.4-2.8-12.5-30.1-17.1-41.2-4.5-10.8-9.1-9.3-12.5-9.5-3.2-.2-6.9-.2-10.6-.2-3.7 0-9.7 1.4-14.8 6.9-5.1 5.6-19.4 19-19.4 46.3 0 27.3 19.9 53.7 22.6 57.4 2.8 3.7 39.1 59.7 94.8 83.8 35.2 15.2 49 16.5 66.6 13.9 10.7-1.6 32.8-13.4 37.4-26.4 4.6-13 4.6-24.1 3.2-26.4-1.3-2.5-5-3.9-10.5-6.6z\"><\/path><\/svg><\/span><\/span><\/span><\/div>\n\n\n\n<div class=\"wp-block-uagb-social-share-child uagb-ss-repeater uagb-ss__wrapper uagb-block-4c9041b2\"><span class=\"uagb-ss__link\" data-href=\"mailto:?body=\" tabindex=\"0\" role=\"button\" aria-label=\"correo electr\u00f3nico\"><span class=\"uagb-ss__source-wrap\"><span class=\"uagb-ss__source-icon\"><svg xmlns=\"https:\/\/www.w3.org\/2000\/svg\" viewbox=\"0 0 512 512\"><path d=\"M464 64C490.5 64 512 85.49 512 112C512 127.1 504.9 141.3 492.8 150.4L275.2 313.6C263.8 322.1 248.2 322.1 236.8 313.6L19.2 150.4C7.113 141.3 0 127.1 0 112C0 85.49 21.49 64 48 64H464zM217.6 339.2C240.4 356.3 271.6 356.3 294.4 339.2L512 176V384C512 419.3 483.3 448 448 448H64C28.65 448 0 419.3 0 384V176L217.6 339.2z\"><\/path><\/svg><\/span><\/span><\/span><\/div>\n<\/div>\n<\/div>\n<\/div><\/div>\n\n\n\n<p><\/p>","protected":false},"excerpt":{"rendered":"<p>Qui\u00e9nes somos<\/p>","protected":false},"author":38,"featured_media":0,"parent":0,"menu_order":0,"comment_status":"closed","ping_status":"closed","template":"","meta":{"_uag_custom_page_level_css":"","site-sidebar-layout":"no-sidebar","site-content-layout":"plain-container","ast-site-content-layout":"full-width-container","site-content-style":"default","site-sidebar-style":"default","ast-global-header-display":"","ast-banner-title-visibility":"","ast-main-header-display":"","ast-hfb-above-header-display":"","ast-hfb-below-header-display":"","ast-hfb-mobile-header-display":"","site-post-title":"disabled","ast-breadcrumbs-content":"","ast-featured-img":"","footer-sml-layout":"","theme-transparent-header-meta":"disabled","adv-header-id-meta":"","stick-header-meta":"","header-above-stick-meta":"","header-main-stick-meta":"","header-below-stick-meta":"","astra-migrate-meta-layouts":"set","ast-page-background-enabled":"default","ast-page-background-meta":{"desktop":{"background-color":"","background-image":"","background-repeat":"repeat","background-position":"center center","background-size":"auto","background-attachment":"scroll","background-type":"","background-media":"","overlay-type":"","overlay-color":"","overlay-opacity":"","overlay-gradient":""},"tablet":{"background-color":"","background-image":"","background-repeat":"repeat","background-position":"center center","background-size":"auto","background-attachment":"scroll","background-type":"","background-media":"","overlay-type":"","overlay-color":"","overlay-opacity":"","overlay-gradient":""},"mobile":{"background-color":"","background-image":"","background-repeat":"repeat","background-position":"center center","background-size":"auto","background-attachment":"scroll","background-type":"","background-media":"","overlay-type":"","overlay-color":"","overlay-opacity":"","overlay-gradient":""}},"ast-content-background-meta":{"desktop":{"background-color":"var(--ast-global-color-5)","background-image":"","background-repeat":"repeat","background-position":"center center","background-size":"auto","background-attachment":"scroll","background-type":"","background-media":"","overlay-type":"","overlay-color":"","overlay-opacity":"","overlay-gradient":""},"tablet":{"background-color":"var(--ast-global-color-5)","background-image":"","background-repeat":"repeat","background-position":"center center","background-size":"auto","background-attachment":"scroll","background-type":"","background-media":"","overlay-type":"","overlay-color":"","overlay-opacity":"","overlay-gradient":""},"mobile":{"background-color":"var(--ast-global-color-5)","background-image":"","background-repeat":"repeat","background-position":"center center","background-size":"auto","background-attachment":"scroll","background-type":"","background-media":"","overlay-type":"","overlay-color":"","overlay-opacity":"","overlay-gradient":""}},"footnotes":""},"class_list":["post-59","page","type-page","status-publish","hentry"],"aioseo_notices":[],"uagb_featured_image_src":{"full":false,"thumbnail":false,"medium":false,"medium_large":false,"large":false,"1536x1536":false,"2048x2048":false,"trp-custom-language-flag":false,"woocommerce_thumbnail":false,"woocommerce_single":false,"woocommerce_gallery_thumbnail":false},"uagb_author_info":{"display_name":"Andrew","author_link":"https:\/\/wp.obd4.com\/es\/author\/andrew\/"},"uagb_comment_info":0,"uagb_excerpt":"About Us","_links":{"self":[{"href":"https:\/\/wp.obd4.com\/es\/wp-json\/wp\/v2\/pages\/59","targetHints":{"allow":["GET"]}}],"collection":[{"href":"https:\/\/wp.obd4.com\/es\/wp-json\/wp\/v2\/pages"}],"about":[{"href":"https:\/\/wp.obd4.com\/es\/wp-json\/wp\/v2\/types\/page"}],"author":[{"embeddable":true,"href":"https:\/\/wp.obd4.com\/es\/wp-json\/wp\/v2\/users\/38"}],"replies":[{"embeddable":true,"href":"https:\/\/wp.obd4.com\/es\/wp-json\/wp\/v2\/comments?post=59"}],"version-history":[{"count":1,"href":"https:\/\/wp.obd4.com\/es\/wp-json\/wp\/v2\/pages\/59\/revisions"}],"predecessor-version":[{"id":5513,"href":"https:\/\/wp.obd4.com\/es\/wp-json\/wp\/v2\/pages\/59\/revisions\/5513"}],"wp:attachment":[{"href":"https:\/\/wp.obd4.com\/es\/wp-json\/wp\/v2\/media?parent=59"}],"curies":[{"name":"wp","href":"https:\/\/api.w.org\/{rel}","templated":true}]}}