{"id":2888,"date":"2024-10-08T10:12:25","date_gmt":"2024-10-08T10:12:25","guid":{"rendered":"https:\/\/wp.obd4.com\/?page_id=2888"},"modified":"2025-09-09T10:56:08","modified_gmt":"2025-09-09T09:56:08","slug":"seguimiento-de-pedidos","status":"publish","type":"page","link":"https:\/\/wp.obd4.com\/es\/seguimiento-de-pedidos\/","title":{"rendered":"Seguimiento de su pedido OBD4.com"},"content":{"rendered":"<div class=\"wp-block-cover alignfull is-light\" style=\"padding-top:0;padding-right:var(--wp--preset--spacing--50);padding-bottom:0;padding-left:var(--wp--preset--spacing--50);min-height:285px;aspect-ratio:unset;\"><img decoding=\"async\" width=\"1024\" height=\"684\" class=\"wp-block-cover__image-background wp-image-5525 size-large\" alt=\"Tres semirremolques circulan por una autopista a trav\u00e9s de un paisaje boscoso en Arizona.\" src=\"https:\/\/wp.obd4.com\/wp-content\/uploads\/2025\/09\/pexels-photo-2199293-2199293-1024x684.jpg\" style=\"object-position:53% 68%\" data-object-fit=\"cover\" data-object-position=\"53% 68%\" srcset=\"https:\/\/wp.obd4.com\/wp-content\/uploads\/2025\/09\/pexels-photo-2199293-2199293-1024x684.jpg 1024w, https:\/\/wp.obd4.com\/wp-content\/uploads\/2025\/09\/pexels-photo-2199293-2199293-300x200.jpg 300w, https:\/\/wp.obd4.com\/wp-content\/uploads\/2025\/09\/pexels-photo-2199293-2199293-768x513.jpg 768w, https:\/\/wp.obd4.com\/wp-content\/uploads\/2025\/09\/pexels-photo-2199293-2199293-1536x1025.jpg 1536w, https:\/\/wp.obd4.com\/wp-content\/uploads\/2025\/09\/pexels-photo-2199293-2199293-2048x1367.jpg 2048w, https:\/\/wp.obd4.com\/wp-content\/uploads\/2025\/09\/pexels-photo-2199293-2199293-18x12.jpg 18w, https:\/\/wp.obd4.com\/wp-content\/uploads\/2025\/09\/pexels-photo-2199293-2199293-600x401.jpg 600w\" sizes=\"(max-width: 1024px) 100vw, 1024px\" \/><span aria-hidden=\"true\" class=\"wp-block-cover__background has-ast-global-color-0-background-color has-background-dim-10 has-background-dim\"><\/span><div class=\"wp-block-cover__inner-container is-layout-flow wp-block-cover-is-layout-flow\">\n<h2 class=\"wp-block-heading alignwide has-text-align-center has-ast-global-color-5-color has-text-color has-large-font-size\">Seguimiento del pedido<\/h2>\n<\/div><\/div>\n\n\n\n<div class=\"wp-block-uagb-container uagb-layout-flex uagb-block-d44011df alignfull uagb-is-root-container\"><div class=\"uagb-container-inner-blocks-wrap\"><style>\n\tform.order_track_form {\n\t\tborder-radius: 5px;\n\t}\n\t.trackship_branding {display:none;}\n.order_track_form input.ts_from_input:checked + label {\n\tcolor:  !important;\n\tborder-bottom: 3px solid ;\n\tmargin-bottom: -2px;\n}\n.order_track_form {\n\tmax-width: 800px;\n\tmargin: 0 auto 20px;\n\tborder: 1px solid #e0e0e0;\n\tmin-height: 330px;\n}\n.track_fail_msg {\n\tcolor: red;\n\tpadding: 0 20px 15px;\n}\n<\/style>\n<div class=\"track-order-section\">\n\t<form method=\"post\" class=\"order_track_form\" action=\"\">\n\t\t<div class=\"search_order_form\">\n\t\t\t\t\t\t\t<style>\n\t\t\t\t\t.search_order_form .order_id_email.tracking_form { display:block; }\n\t\t\t\t\t.by_tracking_number {display:none;}\n\t\t\t\t\tform.order_track_form {min-height:auto;}\n\t\t\t\t\t<\/style>\n\t\t\t\t\t\t<div class=\"tracking_form_tabs\">\n\t\t\t\t<input id=\"for_order_number\" type=\"radio\" name=\"ts_tracking_form\" class=\"ts_from_input\" data-name=\"order_id_email\" checked>\n\t\t\t\t<label for=\"for_order_number\" class=\"ts_from_label for_order_number\">Detalles del pedido<\/label>\n\t\t\t\t<input id=\"for_tracking_number\" type=\"radio\" name=\"ts_tracking_form\" class=\"ts_from_input\" data-name=\"by_tracking_number\">\n\t\t\t\t<label for=\"for_tracking_number\" class=\"ts_from_label for_tracking_number\">El n\u00famero de rastreo<\/label>\n\t\t\t<\/div>\n\t\t\t<div class=\"order_id_email tracking_form\">\n\t\t\t\t<p>Para rastrear su pedido, ingrese su n\u00famero de pedido y direcci\u00f3n de correo electr\u00f3nico:<\/p>\n\t\t\t\t<p class=\"form-row\"><label for=\"order_id\">Solicitar ID<\/label> <input class=\"input-text\" type=\"text\" name=\"order_id\" id=\"order_id\" value=\"\" placeholder=\"N\u00famero de orden\"><\/p>\n\t\t\t\t<p class=\"form-row\"><label for=\"order_email\">Orden de correo electr\u00f3nico<\/label> <input class=\"input-text\" type=\"text\" name=\"order_email\" id=\"order_email\" value=\"\" placeholder=\"Direcci\u00f3n de correo electr\u00f3nico\"><\/p>\n\t\t\t\t<p class=\"form-row\" style=\"margin-bottom:0;\"><button type=\"submit\" class=\"button btn btn-secondary\" name=\"track\" value=\"Track\"><\/button><\/p>\n\t\t\t<\/div>\n\t\t\t<div class=\"by_tracking_number tracking_form\">\n\t\t\t\t<p>Para rastrear su pedido, ingrese el n\u00famero de seguimiento que recibi\u00f3 en el correo electr\u00f3nico de confirmaci\u00f3n de env\u00edo<\/p>\n\t\t\t\t<p class=\"form-row\"><label for=\"order_tracking_number\">El n\u00famero de rastreo<\/label><input class=\"input-text\" type=\"text\" name=\"order_tracking_number\" id=\"order_tracking_number\" value=\"\" placeholder=\"N\u00famero de seguimiento del pedido.\"><\/p>\n\t\t\t\t<p class=\"form-row\" style=\"margin-bottom:0;\"><button type=\"submit\" class=\"button btn btn-secondary\" name=\"track\" value=\"Track\"><\/button><\/p>\n\t\t\t<\/div>\n\t\t\t<div class=\"track_fail_msg\" style=\"display:none;\"><\/div>\n\t\t<\/div>\n\t\t<div class=\"clear\"><\/div>\n\t\t<input type=\"hidden\" name=\"action\" value=\"get_tracking_info\">\n\t\t<input type=\"hidden\" name=\"fronted\" value=\"yes\">\n\t\t<input type=\"hidden\" id=\"_wpnonce\" name=\"_wpnonce\" value=\"82d369a351\" \/><input type=\"hidden\" name=\"_wp_http_referer\" value=\"\/es\/wp-json\/wp\/v2\/pages\/2888\" \/>\t<input type=\"hidden\" name=\"trp-form-language\" value=\"es\"\/><\/form>\n\t<div class=\"trackship_branding\">\n\t\t<p><span>Energizado por<\/span><img decoding=\"async\" src=\"https:\/\/wp.obd4.com\/wp-content\/plugins\/trackship-for-woocommerce\/assets\/images\/trackship-logo.png\"><\/p>\n\t<\/div>\n\t\t\t<style> .trackship_branding{display:block !important;} <\/style>\n\t<\/div>\n\n\n\n\n<p>Bienvenido a la <strong class=\"\">P\u00e1gina de seguimiento de pedidos OBD4<\/strong> - dise\u00f1ado para ofrecerle una visibilidad clara y en tiempo real de sus env\u00edos en cualquier lugar de Europa. Introduzca sus datos de seguimiento para comprobar al instante el estado de su paquete, desde el env\u00edo hasta la entrega con \u00e9xito.<\/p>\n\n\n\n<p>Trabajamos con los principales <strong class=\"\">Compa\u00f1\u00edas navieras europeas<\/strong> para garantizar un servicio r\u00e1pido y fiable:<\/p>\n\n\n\n<ul class=\"wp-block-list\">\n<li><a href=\"https:\/\/www.dhl.com\/\" target=\"_blank\" rel=\"noreferrer noopener\">DHL Express Europa<\/a> - entregas transfronterizas r\u00e1pidas con un seguimiento preciso.<\/li>\n\n\n\n<li><a href=\"https:\/\/www.dpd.com\/\" target=\"_blank\" rel=\"noreferrer noopener\">DPD Europa<\/a> - red europea de paqueter\u00eda de confianza con opciones de entrega flexibles.<\/li>\n\n\n\n<li><a href=\"https:\/\/gls-group.com\/\" target=\"_blank\" rel=\"noreferrer noopener\">GLS<\/a> - fuerte cobertura en todos los pa\u00edses de la UE, con un seguimiento fiable de los paquetes.<\/li>\n\n\n\n<li><a href=\"https:\/\/www.royalmail.com\/\" target=\"_blank\" rel=\"noreferrer noopener\">Royal Mail<\/a> - servicios nacionales e internacionales eficaces dentro de Europa.<\/li>\n\n\n\n<li><a href=\"https:\/\/www.postnl.nl\/\" target=\"_blank\" rel=\"noreferrer noopener\">PostNL<\/a> - servicios de transporte fiables principalmente para las regiones del Benelux y la UE.<\/li>\n<\/ul>\n\n\n\n<p>Para obtener informaci\u00f3n detallada sobre plazos de entrega, m\u00e9todos de pago aceptados y pol\u00edticas, consulte nuestro <a href=\"https:\/\/wp.obd4.com\/es\/pagos-de-envio\/\" target=\"_blank\" rel=\"noreferrer noopener\">P\u00e1gina de env\u00edos y pagos<\/a>. Si necesita ayuda con su pedido, siempre puede ponerse en contacto con nosotros en el <a href=\"https:\/\/wp.obd4.com\/es\/pongase-en-contacto-con\/\" target=\"_blank\" rel=\"noreferrer noopener\">P\u00e1gina de ayuda<\/a> o explore nuestra <a href=\"https:\/\/wp.obd4.com\/es\/ayuda-al-cliente\/\" target=\"_blank\" rel=\"noreferrer noopener\">Centro de atenci\u00f3n al cliente<\/a>.<\/p>\n\n\n\n<p>En OBD4, nos aseguramos de que sus paquetes circulen por Europa con rapidez, fiabilidad y total transparencia.<\/p>\n<\/div><\/div>","protected":false},"excerpt":{"rendered":"<p>Welcome to the OBD4 Order Tracking Page \u2014 designed to give you clear, real-time visibility on your shipments anywhere in Europe. Enter your tracking details to instantly check the status of your package, from dispatch to successful delivery. We work with leading European shipping carriers to ensure fast and reliable service: For detailed information about [&hellip;]<\/p>","protected":false},"author":38,"featured_media":0,"parent":0,"menu_order":0,"comment_status":"closed","ping_status":"closed","template":"","meta":{"_uag_custom_page_level_css":"","site-sidebar-layout":"default","site-content-layout":"","ast-site-content-layout":"default","site-content-style":"default","site-sidebar-style":"default","ast-global-header-display":"","ast-banner-title-visibility":"","ast-main-header-display":"","ast-hfb-above-header-display":"","ast-hfb-below-header-display":"","ast-hfb-mobile-header-display":"","site-post-title":"disabled","ast-breadcrumbs-content":"","ast-featured-img":"","footer-sml-layout":"","theme-transparent-header-meta":"","adv-header-id-meta":"","stick-header-meta":"","header-above-stick-meta":"","header-main-stick-meta":"","header-below-stick-meta":"","astra-migrate-meta-layouts":"set","ast-page-background-enabled":"default","ast-page-background-meta":{"desktop":{"background-color":"","background-image":"","background-repeat":"repeat","background-position":"center center","background-size":"auto","background-attachment":"scroll","background-type":"","background-media":"","overlay-type":"","overlay-color":"","overlay-opacity":"","overlay-gradient":""},"tablet":{"background-color":"","background-image":"","background-repeat":"repeat","background-position":"center center","background-size":"auto","background-attachment":"scroll","background-type":"","background-media":"","overlay-type":"","overlay-color":"","overlay-opacity":"","overlay-gradient":""},"mobile":{"background-color":"","background-image":"","background-repeat":"repeat","background-position":"center center","background-size":"auto","background-attachment":"scroll","background-type":"","background-media":"","overlay-type":"","overlay-color":"","overlay-opacity":"","overlay-gradient":""}},"ast-content-background-meta":{"desktop":{"background-color":"var(--ast-global-color-5)","background-image":"","background-repeat":"repeat","background-position":"center center","background-size":"auto","background-attachment":"scroll","background-type":"","background-media":"","overlay-type":"","overlay-color":"","overlay-opacity":"","overlay-gradient":""},"tablet":{"background-color":"var(--ast-global-color-5)","background-image":"","background-repeat":"repeat","background-position":"center center","background-size":"auto","background-attachment":"scroll","background-type":"","background-media":"","overlay-type":"","overlay-color":"","overlay-opacity":"","overlay-gradient":""},"mobile":{"background-color":"var(--ast-global-color-5)","background-image":"","background-repeat":"repeat","background-position":"center center","background-size":"auto","background-attachment":"scroll","background-type":"","background-media":"","overlay-type":"","overlay-color":"","overlay-opacity":"","overlay-gradient":""}},"footnotes":""},"class_list":["post-2888","page","type-page","status-publish","hentry"],"aioseo_notices":[],"uagb_featured_image_src":{"full":false,"thumbnail":false,"medium":false,"medium_large":false,"large":false,"1536x1536":false,"2048x2048":false,"trp-custom-language-flag":false,"woocommerce_thumbnail":false,"woocommerce_single":false,"woocommerce_gallery_thumbnail":false},"uagb_author_info":{"display_name":"Andrew","author_link":"https:\/\/wp.obd4.com\/es\/author\/andrew\/"},"uagb_comment_info":0,"uagb_excerpt":"Welcome to the OBD4 Order Tracking Page \u2014 designed to give you clear, real-time visibility on your shipments anywhere in Europe. Enter your tracking details to instantly check the status of your package, from dispatch to successful delivery. We work with leading European shipping carriers to ensure fast and reliable service: For detailed information about&hellip;","_links":{"self":[{"href":"https:\/\/wp.obd4.com\/es\/wp-json\/wp\/v2\/pages\/2888","targetHints":{"allow":["GET"]}}],"collection":[{"href":"https:\/\/wp.obd4.com\/es\/wp-json\/wp\/v2\/pages"}],"about":[{"href":"https:\/\/wp.obd4.com\/es\/wp-json\/wp\/v2\/types\/page"}],"author":[{"embeddable":true,"href":"https:\/\/wp.obd4.com\/es\/wp-json\/wp\/v2\/users\/38"}],"replies":[{"embeddable":true,"href":"https:\/\/wp.obd4.com\/es\/wp-json\/wp\/v2\/comments?post=2888"}],"version-history":[{"count":5,"href":"https:\/\/wp.obd4.com\/es\/wp-json\/wp\/v2\/pages\/2888\/revisions"}],"predecessor-version":[{"id":5531,"href":"https:\/\/wp.obd4.com\/es\/wp-json\/wp\/v2\/pages\/2888\/revisions\/5531"}],"wp:attachment":[{"href":"https:\/\/wp.obd4.com\/es\/wp-json\/wp\/v2\/media?parent=2888"}],"curies":[{"name":"wp","href":"https:\/\/api.w.org\/{rel}","templated":true}]}}