{"id":3662,"date":"2024-12-10T10:50:57","date_gmt":"2024-12-10T09:50:57","guid":{"rendered":"https:\/\/wp.obd4.com\/product\/multidiag-pro-v3-0-multi-brand-diagnostic-tool\/"},"modified":"2025-10-20T15:06:48","modified_gmt":"2025-10-20T14:06:48","slug":"multidiag-pro-v3-0-universelles-mehrmarken-diagnosegerat","status":"publish","type":"product","link":"https:\/\/wp.obd4.com\/de\/product\/multidiag-pro-v3-0-universelles-mehrmarken-diagnosegerat\/","title":{"rendered":"Multidiag Pro V3.0 Universelles Mehrmarken-Diagnoseger\u00e4t"},"content":{"rendered":"<p class=\"first:mt-1.5\"><strong class=\"\">Installationsanleitung:<\/strong> Nach dem Kauf erhalten Sie die Installationsanleitung und den Download-Link in einer PDF-Datei.<\/p>\n<h4>Wesentliche Merkmale:<\/h4>\n<ul class=\"list-disc\">\n<li class=\"ml-4\"><strong class=\"\">Beliebte Tool-Alternative:<\/strong> Bietet die gleichen fortschrittlichen Diagnosefunktionen wie das Delphi DS150 und gew\u00e4hrleistet so eine hervorragende Leistung ohne hohe Kosten.<\/li>\n<li class=\"ml-4\"><strong class=\"\">Doppelte PCB-Version:<\/strong> Zwei hochwertige Leiterplatten sorgen f\u00fcr erh\u00f6hte Stabilit\u00e4t, verbesserte W\u00e4rmeableitung und zuverl\u00e4ssigere Fahrzeugkommunikation.<\/li>\n<li class=\"ml-4\"><strong class=\"\">Multimarken-Kompatibilit\u00e4t:<\/strong> Funktioniert nahtlos mit einer Vielzahl von Fahrzeugmarken und -modellen, darunter sowohl Pkw als auch Lkw.<\/li>\n<li class=\"ml-4\"><strong class=\"\">Delphi 2021 Software im Lieferumfang enthalten:<\/strong> Zugriff auf die neuesten Funktionen und Updates f\u00fcr eine umfassende Diagnose bei den meisten Fahrzeugmarken.<\/li>\n<li class=\"ml-4\"><strong class=\"\">Umfassende Funktionalit\u00e4t:<\/strong>\n<ul class=\"list-disc\">\n<li class=\"ml-4\">Lesen und L\u00f6schen von Diagnose-Fehlercodes (DTCs).<\/li>\n<li class=\"ml-4\">Durchf\u00fchrung von Sensorpr\u00fcfungen, ECU-Programmierung und Komponentenaktivierung.<\/li>\n<li class=\"ml-4\">Zugriff auf Servicefunktionen wie das Zur\u00fccksetzen von Serviceintervallen und Kalibrierungen.<\/li>\n<\/ul>\n<\/li>\n<li class=\"ml-4\"><strong class=\"\">OBD2-Unterst\u00fctzung:<\/strong> Vollst\u00e4ndig kompatibel mit OBD2-Protokollen f\u00fcr moderne Fahrzeuge.<\/li>\n<li class=\"ml-4\"><strong class=\"\">Einfache Installation:<\/strong> Wird mit einer detaillierten Schritt-f\u00fcr-Schritt-Anleitung f\u00fcr eine m\u00fchelose Einrichtung geliefert.<\/li>\n<\/ul>\n<h4>Unterst\u00fctzte Fahrzeuge:<\/h4>\n<ul class=\"list-disc\">\n<li class=\"ml-4\"><strong class=\"\">Autos:<\/strong> Deckt die meisten europ\u00e4ischen, amerikanischen und asiatischen Marken ab 1996 ab.<\/li>\n<li class=\"ml-4\"><strong class=\"\">Lastwagen:<\/strong> Unterst\u00fctzt die Diagnose f\u00fcr die meisten Lkw, einschlie\u00dflich schwerer Modelle.<\/li>\n<li class=\"ml-4\"><strong>Hinweis: Einige Autos und Lkw k\u00f6nnen nicht mit diesem Tool unterst\u00fctzt werden. Insbesondere Autos bis zu 2002 MY und BMW F-Serie und G-Serie Autos.<\/strong><\/li>\n<\/ul>\n<h4>Das Paket enth\u00e4lt:<\/h4>\n<ul class=\"list-disc\">\n<li class=\"ml-4\">1 \u00d7 Multidiag Pro v3.0 Diagnose-Scanner (W\u00e4hlen Sie zwischen Multidiag Pro oder klassischer Shell).<\/li>\n<li class=\"ml-4\">1 \u00d7 USB-Kabel: Sorgt f\u00fcr stabile Verbindungen w\u00e4hrend der Diagnose.<\/li>\n<li class=\"ml-4\">1 \u00d7 Delphi 2021 Software: Aktuelle Version auf CD oder per Download-Link.<\/li>\n<li class=\"ml-4\">1 \u00d7 Installationsanleitung: Einfache Anweisungen f\u00fcr die ersten Schritte.<\/li>\n<\/ul>\n<p class=\"first:mt-1.5\"><strong class=\"\">Anmerkung zum Kauf:<\/strong> Beide Geh\u00e4useformen sind funktional identisch. W\u00e4hlen Sie diejenige, die Ihnen am besten gef\u00e4llt, denn Sie erhalten das gleiche leistungsstarke Diagnosewerkzeug.<\/p>\n<h4>Warum Multidiag Pro v3.0 w\u00e4hlen?<\/h4>\n<p class=\"first:mt-1.5\">Die <strong class=\"\">Multidiag Pro v3.0<\/strong> kombiniert erschwingliche Preise mit professioneller Leistung und ist damit das ultimative Diagnosewerkzeug f\u00fcr verschiedene Fahrzeuge. Egal, ob Sie Heimwerker oder Werkstattprofi sind, dieser Scanner liefert jedes Mal zuverl\u00e4ssige Ergebnisse.<\/p>\n<p class=\"first:mt-1.5\"><strong class=\"\">Erweitern Sie Ihre Diagnosem\u00f6glichkeiten noch heute mit dem Multidiag Pro v3.0!<\/strong><\/p>\n<p class=\"first:mt-1.5\"><strong class=\"\">Inklusive Video-Installationsanleitung!<\/strong><\/p>","protected":false},"excerpt":{"rendered":"<p>Ein hochwertiges, preisg\u00fcnstiges Diagnosewerkzeug mit erweiterten Funktionen, die denen des Delphi DS150 \u00e4hneln. Geeignet f\u00fcr Heimwerker und Werkst\u00e4tten.<\/p>","protected":false},"featured_media":5043,"comment_status":"open","ping_status":"closed","template":"","meta":{"_uag_custom_page_level_css":"","site-sidebar-layout":"default","site-content-layout":"","ast-site-content-layout":"default","site-content-style":"default","site-sidebar-style":"default","ast-global-header-display":"","ast-banner-title-visibility":"","ast-main-header-display":"","ast-hfb-above-header-display":"","ast-hfb-below-header-display":"","ast-hfb-mobile-header-display":"","site-post-title":"","ast-breadcrumbs-content":"","ast-featured-img":"","footer-sml-layout":"","theme-transparent-header-meta":"default","adv-header-id-meta":"","stick-header-meta":"","header-above-stick-meta":"","header-main-stick-meta":"","header-below-stick-meta":"","astra-migrate-meta-layouts":"set","ast-page-background-enabled":"default","ast-page-background-meta":{"desktop":{"background-color":"","background-image":"","background-repeat":"repeat","background-position":"center center","background-size":"auto","background-attachment":"scroll","background-type":"","background-media":"","overlay-type":"","overlay-color":"","overlay-opacity":"","overlay-gradient":""},"tablet":{"background-color":"","background-image":"","background-repeat":"repeat","background-position":"center center","background-size":"auto","background-attachment":"scroll","background-type":"","background-media":"","overlay-type":"","overlay-color":"","overlay-opacity":"","overlay-gradient":""},"mobile":{"background-color":"","background-image":"","background-repeat":"repeat","background-position":"center center","background-size":"auto","background-attachment":"scroll","background-type":"","background-media":"","overlay-type":"","overlay-color":"","overlay-opacity":"","overlay-gradient":""}},"ast-content-background-meta":{"desktop":{"background-color":"var(--ast-global-color-5)","background-image":"","background-repeat":"repeat","background-position":"center center","background-size":"auto","background-attachment":"scroll","background-type":"","background-media":"","overlay-type":"","overlay-color":"","overlay-opacity":"","overlay-gradient":""},"tablet":{"background-color":"var(--ast-global-color-5)","background-image":"","background-repeat":"repeat","background-position":"center center","background-size":"auto","background-attachment":"scroll","background-type":"","background-media":"","overlay-type":"","overlay-color":"","overlay-opacity":"","overlay-gradient":""},"mobile":{"background-color":"var(--ast-global-color-5)","background-image":"","background-repeat":"repeat","background-position":"center center","background-size":"auto","background-attachment":"scroll","background-type":"","background-media":"","overlay-type":"","overlay-color":"","overlay-opacity":"","overlay-gradient":""}}},"product_brand":[],"product_cat":[70],"product_tag":[],"class_list":{"0":"post-3662","1":"product","2":"type-product","3":"status-publish","4":"has-post-thumbnail","6":"product_cat-diagnostics","7":"desktop-align-left","8":"tablet-align-left","9":"mobile-align-left","10":"ast-product-gallery-layout-horizontal-slider","11":"ast-product-tabs-layout-horizontal","13":"first","14":"instock","15":"shipping-taxable","16":"purchasable","17":"product-type-simple"},"aioseo_notices":[],"uagb_featured_image_src":{"full":["https:\/\/wp.obd4.com\/wp-content\/uploads\/2024\/12\/Product-image-7.png",1280,1280,false],"thumbnail":["https:\/\/wp.obd4.com\/wp-content\/uploads\/2024\/12\/Product-image-7-150x150.png",150,150,true],"medium":["https:\/\/wp.obd4.com\/wp-content\/uploads\/2024\/12\/Product-image-7-300x300.png",300,300,true],"medium_large":["https:\/\/wp.obd4.com\/wp-content\/uploads\/2024\/12\/Product-image-7-768x768.png",768,768,true],"large":["https:\/\/wp.obd4.com\/wp-content\/uploads\/2024\/12\/Product-image-7-1024x1024.png",1024,1024,true],"1536x1536":["https:\/\/wp.obd4.com\/wp-content\/uploads\/2024\/12\/Product-image-7.png",1280,1280,false],"2048x2048":["https:\/\/wp.obd4.com\/wp-content\/uploads\/2024\/12\/Product-image-7.png",1280,1280,false],"trp-custom-language-flag":["https:\/\/wp.obd4.com\/wp-content\/uploads\/2024\/12\/Product-image-7-12x12.png",12,12,true],"woocommerce_thumbnail":["https:\/\/wp.obd4.com\/wp-content\/uploads\/2024\/12\/Product-image-7-300x300.png",300,300,true],"woocommerce_single":["https:\/\/wp.obd4.com\/wp-content\/uploads\/2024\/12\/Product-image-7-600x600.png",600,600,true],"woocommerce_gallery_thumbnail":["https:\/\/wp.obd4.com\/wp-content\/uploads\/2024\/12\/Product-image-7-100x100.png",100,100,true]},"uagb_author_info":{"display_name":"Andrew","author_link":"https:\/\/wp.obd4.com\/de\/author\/"},"uagb_comment_info":5,"uagb_excerpt":"A high-quality, budget-friendly diagnostic tool offering advanced capabilities similar to the Delphi DS150. Suitable for DIY enthusiasts and workshops.","_links":{"self":[{"href":"https:\/\/wp.obd4.com\/de\/wp-json\/wp\/v2\/product\/3662","targetHints":{"allow":["GET"]}}],"collection":[{"href":"https:\/\/wp.obd4.com\/de\/wp-json\/wp\/v2\/product"}],"about":[{"href":"https:\/\/wp.obd4.com\/de\/wp-json\/wp\/v2\/types\/product"}],"replies":[{"embeddable":true,"href":"https:\/\/wp.obd4.com\/de\/wp-json\/wp\/v2\/comments?post=3662"}],"wp:featuredmedia":[{"embeddable":true,"href":"https:\/\/wp.obd4.com\/de\/wp-json\/wp\/v2\/media\/5043"}],"wp:attachment":[{"href":"https:\/\/wp.obd4.com\/de\/wp-json\/wp\/v2\/media?parent=3662"}],"wp:term":[{"taxonomy":"product_brand","embeddable":true,"href":"https:\/\/wp.obd4.com\/de\/wp-json\/wp\/v2\/product_brand?post=3662"},{"taxonomy":"product_cat","embeddable":true,"href":"https:\/\/wp.obd4.com\/de\/wp-json\/wp\/v2\/product_cat?post=3662"},{"taxonomy":"product_tag","embeddable":true,"href":"https:\/\/wp.obd4.com\/de\/wp-json\/wp\/v2\/product_tag?post=3662"}],"curies":[{"name":"wp","href":"https:\/\/api.w.org\/{rel}","templated":true}]}}